{"id":776,"date":"2022-04-28T15:29:36","date_gmt":"2022-04-28T13:29:36","guid":{"rendered":"https:\/\/www.medisur.fr\/?page_id=776"},"modified":"2025-03-11T11:17:04","modified_gmt":"2025-03-11T10:17:04","slug":"culture","status":"publish","type":"page","link":"https:\/\/www.medisur.fr\/en\/culture\/","title":{"rendered":"Our culture"},"content":{"rendered":"\t\t<div data-elementor-type=\"wp-page\" data-elementor-id=\"776\" class=\"elementor elementor-776\" data-elementor-post-type=\"page\">\n\t\t\t\t\t\t<section class=\"elementor-section elementor-top-section elementor-element elementor-element-6e35e7e elementor-section-boxed elementor-section-height-default elementor-section-height-default\" data-id=\"6e35e7e\" data-element_type=\"section\" data-e-type=\"section\" data-settings=\"{&quot;jet_parallax_layout_list&quot;:[{&quot;_id&quot;:&quot;e95bcb2&quot;,&quot;jet_parallax_layout_image&quot;:{&quot;url&quot;:&quot;https:\\\/\\\/www.medisur.fr\\\/wp-content\\\/uploads\\\/2022\\\/05\\\/BG_MEDISUR_3.png&quot;,&quot;id&quot;:3119,&quot;size&quot;:&quot;&quot;,&quot;alt&quot;:&quot;&quot;,&quot;source&quot;:&quot;library&quot;},&quot;jet_parallax_layout_speed&quot;:{&quot;unit&quot;:&quot;%&quot;,&quot;size&quot;:-10,&quot;sizes&quot;:[]},&quot;jet_parallax_layout_bg_x&quot;:0,&quot;jet_parallax_layout_bg_y&quot;:30,&quot;jet_parallax_layout_animation_prop&quot;:&quot;bgposition&quot;,&quot;jet_parallax_layout_image_tablet&quot;:{&quot;url&quot;:&quot;&quot;,&quot;id&quot;:&quot;&quot;,&quot;size&quot;:&quot;&quot;},&quot;jet_parallax_layout_image_mobile&quot;:{&quot;url&quot;:&quot;&quot;,&quot;id&quot;:&quot;&quot;,&quot;size&quot;:&quot;&quot;},&quot;jet_parallax_layout_type&quot;:&quot;scroll&quot;,&quot;jet_parallax_layout_direction&quot;:&quot;1&quot;,&quot;jet_parallax_layout_fx_direction&quot;:null,&quot;jet_parallax_layout_z_index&quot;:&quot;&quot;,&quot;jet_parallax_layout_bg_x_tablet&quot;:&quot;&quot;,&quot;jet_parallax_layout_bg_x_mobile&quot;:&quot;&quot;,&quot;jet_parallax_layout_bg_y_tablet&quot;:&quot;&quot;,&quot;jet_parallax_layout_bg_y_mobile&quot;:&quot;&quot;,&quot;jet_parallax_layout_bg_size&quot;:&quot;auto&quot;,&quot;jet_parallax_layout_bg_size_tablet&quot;:&quot;&quot;,&quot;jet_parallax_layout_bg_size_mobile&quot;:&quot;&quot;,&quot;jet_parallax_layout_on&quot;:[&quot;desktop&quot;,&quot;tablet&quot;]}],&quot;background_background&quot;:&quot;classic&quot;}\">\n\t\t\t\t\t\t<div class=\"elementor-container elementor-column-gap-default\">\n\t\t\t\t\t<div class=\"elementor-column elementor-col-100 elementor-top-column elementor-element elementor-element-8664498\" data-id=\"8664498\" data-element_type=\"column\" data-e-type=\"column\">\n\t\t\t<div class=\"elementor-widget-wrap elementor-element-populated\">\n\t\t\t\t\t\t<div class=\"elementor-element elementor-element-3b2eccb elementor-widget elementor-widget-heading\" data-id=\"3b2eccb\" data-element_type=\"widget\" data-e-type=\"widget\" data-widget_type=\"heading.default\">\n\t\t\t\t<div class=\"elementor-widget-container\">\n\t\t\t\t\t<h1 class=\"elementor-heading-title elementor-size-default\">culture d'entreprise<\/h1>\t\t\t\t<\/div>\n\t\t\t\t<\/div>\n\t\t\t\t<div class=\"elementor-element elementor-element-75c1db1f elementor-widget elementor-widget-heading\" data-id=\"75c1db1f\" data-element_type=\"widget\" data-e-type=\"widget\" data-widget_type=\"heading.default\">\n\t\t\t\t<div class=\"elementor-widget-container\">\n\t\t\t\t\t<h3 class=\"elementor-heading-title elementor-size-default\">Faire de la <span style=\"color:#66CCCC\">pr\u00e9vention sant\u00e9<\/span><\/br>\nune priorit\u00e9 d'aujourd'hui.<\/h3>\t\t\t\t<\/div>\n\t\t\t\t<\/div>\n\t\t\t\t<section class=\"elementor-section elementor-inner-section elementor-element elementor-element-8e08457 elementor-section-boxed elementor-section-height-default elementor-section-height-default\" data-id=\"8e08457\" data-element_type=\"section\" data-e-type=\"section\" data-settings=\"{&quot;jet_parallax_layout_list&quot;:[]}\">\n\t\t\t\t\t\t<div class=\"elementor-container elementor-column-gap-default\">\n\t\t\t\t\t<div class=\"elementor-column elementor-col-50 elementor-inner-column elementor-element elementor-element-95be36a\" data-id=\"95be36a\" data-element_type=\"column\" data-e-type=\"column\">\n\t\t\t<div class=\"elementor-widget-wrap elementor-element-populated\">\n\t\t\t\t\t\t<div class=\"elementor-element elementor-element-b51e975 elementor-widget elementor-widget-heading\" data-id=\"b51e975\" data-element_type=\"widget\" data-e-type=\"widget\" data-widget_type=\"heading.default\">\n\t\t\t\t<div class=\"elementor-widget-container\">\n\t\t\t\t\t<h2 class=\"elementor-heading-title elementor-size-default\">culture d'entreprise - vision<\/h2>\t\t\t\t<\/div>\n\t\t\t\t<\/div>\n\t\t\t\t<div class=\"elementor-element elementor-element-32f291c5 elementor-widget elementor-widget-heading\" data-id=\"32f291c5\" data-element_type=\"widget\" data-e-type=\"widget\" data-widget_type=\"heading.default\">\n\t\t\t\t<div class=\"elementor-widget-container\">\n\t\t\t\t\t<h4 class=\"elementor-heading-title elementor-size-default\">Chez MEDISUR, <br>on se l\u00e8ve tous les matins pour <br>vous accompagner <br>au-devant de votre sant\u00e9.<\/h4>\t\t\t\t<\/div>\n\t\t\t\t<\/div>\n\t\t\t\t\t<\/div>\n\t\t<\/div>\n\t\t\t\t<div class=\"elementor-column elementor-col-50 elementor-inner-column elementor-element elementor-element-83fa913\" data-id=\"83fa913\" data-element_type=\"column\" data-e-type=\"column\">\n\t\t\t<div class=\"elementor-widget-wrap elementor-element-populated\">\n\t\t\t\t\t\t<div class=\"elementor-element elementor-element-fd527d6 elementor-widget elementor-widget-text-editor\" data-id=\"fd527d6\" data-element_type=\"widget\" data-e-type=\"widget\" data-widget_type=\"text-editor.default\">\n\t\t\t\t<div class=\"elementor-widget-container\">\n\t\t\t\t\t\t\t\t\t<p>Nous croyons qu\u2019il n\u2019y a rien de plus important que la sant\u00e9. Et sur ce point, la science et la logique s\u2019accordent pour constater qu\u2019il vaut mieux pr\u00e9venir que gu\u00e9rir. Nous savons justement comment pr\u00e9venir. Nous savons comment lib\u00e9rer la parole sur des <a href=\"\/nos-services\">sujets de sant\u00e9<\/a> parfois tabous, souvent complexes.<br>Nous nous demandons chaque jour comment rendre toujours plus transparente la pr\u00e9vention sant\u00e9, afin qu\u2019elle soit compr\u00e9hensible et accessible pour tous. Au-del\u00e0 de la sant\u00e9, nous croyons en l\u2019\u00eatre humain ; nous sommes convaincus que chaque individu a la possibilit\u00e9 (et le devoir) d\u2019agir de sa propre sant\u00e9, si on lui en donne les moyens. Et devinez quoi ? Nous les avons, ces moyens. Notre ambition est de vous les transmettre et ainsi rendre chaque individu acteur de sa sant\u00e9.<\/p>\n<p>C\u2019est exactement pour ces raisons que nous avons d\u00e9cid\u00e9 de <strong>faire de la pr\u00e9vention sant\u00e9 une priorit\u00e9 d\u2019aujourd\u2019hui.&nbsp;<\/strong><\/p>\t\t\t\t\t\t\t\t<\/div>\n\t\t\t\t<\/div>\n\t\t\t\t\t<\/div>\n\t\t<\/div>\n\t\t\t\t\t<\/div>\n\t\t<\/section>\n\t\t\t\t\t<\/div>\n\t\t<\/div>\n\t\t\t\t\t<\/div>\n\t\t<\/section>\n\t\t\t\t<section class=\"elementor-section elementor-top-section elementor-element elementor-element-7150c579 elementor-hidden-mobile elementor-section-boxed elementor-section-height-default elementor-section-height-default\" data-id=\"7150c579\" data-element_type=\"section\" data-e-type=\"section\" data-settings=\"{&quot;jet_parallax_layout_list&quot;:[{&quot;jet_parallax_layout_image&quot;:{&quot;url&quot;:&quot;&quot;,&quot;id&quot;:&quot;&quot;,&quot;size&quot;:&quot;&quot;},&quot;_id&quot;:&quot;f3a2356&quot;,&quot;jet_parallax_layout_speed&quot;:{&quot;unit&quot;:&quot;%&quot;,&quot;size&quot;:&quot;50&quot;,&quot;sizes&quot;:[]},&quot;jet_parallax_layout_bg_x&quot;:&quot;50&quot;,&quot;jet_parallax_layout_bg_y&quot;:&quot;50&quot;,&quot;jet_parallax_layout_image_tablet&quot;:{&quot;url&quot;:&quot;&quot;,&quot;id&quot;:&quot;&quot;,&quot;size&quot;:&quot;&quot;},&quot;jet_parallax_layout_image_mobile&quot;:{&quot;url&quot;:&quot;&quot;,&quot;id&quot;:&quot;&quot;,&quot;size&quot;:&quot;&quot;},&quot;jet_parallax_layout_type&quot;:&quot;scroll&quot;,&quot;jet_parallax_layout_direction&quot;:&quot;1&quot;,&quot;jet_parallax_layout_fx_direction&quot;:null,&quot;jet_parallax_layout_z_index&quot;:&quot;&quot;,&quot;jet_parallax_layout_bg_x_tablet&quot;:&quot;&quot;,&quot;jet_parallax_layout_bg_x_mobile&quot;:&quot;&quot;,&quot;jet_parallax_layout_bg_y_tablet&quot;:&quot;&quot;,&quot;jet_parallax_layout_bg_y_mobile&quot;:&quot;&quot;,&quot;jet_parallax_layout_bg_size&quot;:&quot;auto&quot;,&quot;jet_parallax_layout_bg_size_tablet&quot;:&quot;&quot;,&quot;jet_parallax_layout_bg_size_mobile&quot;:&quot;&quot;,&quot;jet_parallax_layout_animation_prop&quot;:&quot;transform&quot;,&quot;jet_parallax_layout_on&quot;:[&quot;desktop&quot;,&quot;tablet&quot;]}]}\">\n\t\t\t\t\t\t<div class=\"elementor-container elementor-column-gap-no\">\n\t\t\t\t\t<div class=\"elementor-column elementor-col-50 elementor-top-column elementor-element elementor-element-9e1fc69 elementor-hidden-phone\" data-id=\"9e1fc69\" data-element_type=\"column\" data-e-type=\"column\" data-settings=\"{&quot;background_background&quot;:&quot;classic&quot;}\">\n\t\t\t<div class=\"elementor-widget-wrap elementor-element-populated\">\n\t\t\t\t\t<div class=\"elementor-background-overlay\"><\/div>\n\t\t\t\t\t\t<div class=\"elementor-element elementor-element-649ca6c6 elementor-widget__width-initial elementor-widget-tablet__width-initial elementor-absolute elementor-widget elementor-widget-raven-image\" data-id=\"649ca6c6\" data-element_type=\"widget\" data-e-type=\"widget\" data-settings=\"{&quot;_position&quot;:&quot;absolute&quot;}\" data-widget_type=\"raven-image.default\">\n\t\t\t\t<div class=\"elementor-widget-container\">\n\t\t\t\t\t\t\t<div class=\"raven-image\" data-parallax=\"{&quot;x&quot;:-100,&quot;smoothness&quot;:30}\">\n\t\t\n\t\t\n\t\t<img fetchpriority=\"high\" decoding=\"async\" width=\"500\" height=\"667\" src=\"https:\/\/www.medisur.fr\/wp-content\/uploads\/2022\/06\/culture-entreprise_2_medisur_nb.jpg\" class=\"attachment-full size-full wp-image-5095\" alt=\"culture entreprise_2_medisur_nb\" srcset=\"https:\/\/www.medisur.fr\/wp-content\/uploads\/2022\/06\/culture-entreprise_2_medisur_nb.jpg 500w, https:\/\/www.medisur.fr\/wp-content\/uploads\/2022\/06\/culture-entreprise_2_medisur_nb-300x400.jpg 300w, https:\/\/www.medisur.fr\/wp-content\/uploads\/2022\/06\/culture-entreprise_2_medisur_nb-225x300.jpg 225w\" sizes=\"(max-width: 500px) 100vw, 500px\" \/>\t\t<\/div>\n\t\t\t\t\t\t<\/div>\n\t\t\t\t<\/div>\n\t\t\t\t\t<\/div>\n\t\t<\/div>\n\t\t\t\t<div class=\"elementor-column elementor-col-50 elementor-top-column elementor-element elementor-element-1ff06c0\" data-id=\"1ff06c0\" data-element_type=\"column\" data-e-type=\"column\">\n\t\t\t<div class=\"elementor-widget-wrap elementor-element-populated\">\n\t\t\t\t\t\t<div class=\"elementor-element elementor-element-e4ed44f elementor-widget elementor-widget-heading\" data-id=\"e4ed44f\" data-element_type=\"widget\" data-e-type=\"widget\" data-widget_type=\"heading.default\">\n\t\t\t\t<div class=\"elementor-widget-container\">\n\t\t\t\t\t<h5 class=\"elementor-heading-title elementor-size-default\">Notre belle \u00e9quipe.<\/h5>\t\t\t\t<\/div>\n\t\t\t\t<\/div>\n\t\t\t\t<div class=\"elementor-element elementor-element-001f8a3 elementor-widget elementor-widget-spacer\" data-id=\"001f8a3\" data-element_type=\"widget\" data-e-type=\"widget\" data-widget_type=\"spacer.default\">\n\t\t\t\t<div class=\"elementor-widget-container\">\n\t\t\t\t\t\t\t<div class=\"elementor-spacer\">\n\t\t\t<div class=\"elementor-spacer-inner\"><\/div>\n\t\t<\/div>\n\t\t\t\t\t\t<\/div>\n\t\t\t\t<\/div>\n\t\t\t\t\t<\/div>\n\t\t<\/div>\n\t\t\t\t\t<\/div>\n\t\t<\/section>\n\t\t\t\t<section class=\"elementor-section elementor-top-section elementor-element elementor-element-c653881 elementor-section-stretched elementor-section-boxed elementor-section-height-default elementor-section-height-default\" data-id=\"c653881\" data-element_type=\"section\" data-e-type=\"section\" data-settings=\"{&quot;jet_parallax_layout_list&quot;:[],&quot;background_background&quot;:&quot;classic&quot;,&quot;stretch_section&quot;:&quot;section-stretched&quot;,&quot;shape_divider_top&quot;:&quot;waves&quot;,&quot;shape_divider_bottom&quot;:&quot;waves&quot;}\">\n\t\t\t\t\t<div class=\"elementor-shape elementor-shape-top\" aria-hidden=\"true\" data-negative=\"false\">\n\t\t\t<svg xmlns=\"http:\/\/www.w3.org\/2000\/svg\" viewBox=\"0 0 1000 100\" preserveAspectRatio=\"none\">\n\t<path class=\"elementor-shape-fill\" d=\"M421.9,6.5c22.6-2.5,51.5,0.4,75.5,5.3c23.6,4.9,70.9,23.5,100.5,35.7c75.8,32.2,133.7,44.5,192.6,49.7\n\tc23.6,2.1,48.7,3.5,103.4-2.5c54.7-6,106.2-25.6,106.2-25.6V0H0v30.3c0,0,72,32.6,158.4,30.5c39.2-0.7,92.8-6.7,134-22.4\n\tc21.2-8.1,52.2-18.2,79.7-24.2C399.3,7.9,411.6,7.5,421.9,6.5z\"\/>\n<\/svg>\t\t<\/div>\n\t\t\t\t<div class=\"elementor-shape elementor-shape-bottom\" aria-hidden=\"true\" data-negative=\"false\">\n\t\t\t<svg xmlns=\"http:\/\/www.w3.org\/2000\/svg\" viewBox=\"0 0 1000 100\" preserveAspectRatio=\"none\">\n\t<path class=\"elementor-shape-fill\" d=\"M421.9,6.5c22.6-2.5,51.5,0.4,75.5,5.3c23.6,4.9,70.9,23.5,100.5,35.7c75.8,32.2,133.7,44.5,192.6,49.7\n\tc23.6,2.1,48.7,3.5,103.4-2.5c54.7-6,106.2-25.6,106.2-25.6V0H0v30.3c0,0,72,32.6,158.4,30.5c39.2-0.7,92.8-6.7,134-22.4\n\tc21.2-8.1,52.2-18.2,79.7-24.2C399.3,7.9,411.6,7.5,421.9,6.5z\"\/>\n<\/svg>\t\t<\/div>\n\t\t\t\t\t<div class=\"elementor-container elementor-column-gap-no\">\n\t\t\t\t\t<div class=\"elementor-column elementor-col-100 elementor-top-column elementor-element elementor-element-abcf1bd\" data-id=\"abcf1bd\" data-element_type=\"column\" data-e-type=\"column\">\n\t\t\t<div class=\"elementor-widget-wrap elementor-element-populated\">\n\t\t\t\t\t\t<section class=\"elementor-section elementor-inner-section elementor-element elementor-element-618403e elementor-section-boxed elementor-section-height-default elementor-section-height-default\" data-id=\"618403e\" data-element_type=\"section\" data-e-type=\"section\" data-settings=\"{&quot;jet_parallax_layout_list&quot;:[]}\">\n\t\t\t\t\t\t<div class=\"elementor-container elementor-column-gap-default\">\n\t\t\t\t\t<div class=\"elementor-column elementor-col-50 elementor-inner-column elementor-element elementor-element-3c79a68\" data-id=\"3c79a68\" data-element_type=\"column\" data-e-type=\"column\">\n\t\t\t<div class=\"elementor-widget-wrap elementor-element-populated\">\n\t\t\t\t\t\t<div class=\"elementor-element elementor-element-efe2439 elementor-widget elementor-widget-heading\" data-id=\"efe2439\" data-element_type=\"widget\" data-e-type=\"widget\" data-widget_type=\"heading.default\">\n\t\t\t\t<div class=\"elementor-widget-container\">\n\t\t\t\t\t<h6 class=\"elementor-heading-title elementor-size-default\">Une forte culture de l'innovation<\/h6>\t\t\t\t<\/div>\n\t\t\t\t<\/div>\n\t\t\t\t<div class=\"elementor-element elementor-element-5598983 elementor-widget elementor-widget-text-editor\" data-id=\"5598983\" data-element_type=\"widget\" data-e-type=\"widget\" data-widget_type=\"text-editor.default\">\n\t\t\t\t<div class=\"elementor-widget-container\">\n\t\t\t\t\t\t\t\t\t<p><span style=\"font-family: var( --e-global-typography-text-font-family ), Sans-serif; font-weight: var( --e-global-typography-text-font-weight );\">\u00c7a fourmille chez Medisur ! Les id\u00e9es fusent, les inspirations \u00e9voluent, les besoins changent. V\u00e9ritables touche-\u00e0-tout \u00e0 l\u2019esprit vif, nous nous tenons \u00e0 l\u2019aff\u00fbt des variations du march\u00e9 pour r\u00e9pondre le mieux possible \u00e0 vos exigences. Notre ambition, c\u2019est d\u2019obtenir le meilleur pour votre sant\u00e9, et pour cela nous sommes pr\u00eats \u00e0 aller toujours plus loin dans la pr\u00e9vention sant\u00e9 afin de d\u00e9velopper de nouveaux produits. Notre cr\u00e9ativit\u00e9 n\u2019a pas de limite !<\/span><\/p>\t\t\t\t\t\t\t\t<\/div>\n\t\t\t\t<\/div>\n\t\t\t\t<div class=\"elementor-element elementor-element-740a298 elementor-widget elementor-widget-heading\" data-id=\"740a298\" data-element_type=\"widget\" data-e-type=\"widget\" data-widget_type=\"heading.default\">\n\t\t\t\t<div class=\"elementor-widget-container\">\n\t\t\t\t\t<h6 class=\"elementor-heading-title elementor-size-default\">Un d\u00e9vouement sans mesure<\/h6>\t\t\t\t<\/div>\n\t\t\t\t<\/div>\n\t\t\t\t<div class=\"elementor-element elementor-element-78b0bf2 elementor-widget elementor-widget-text-editor\" data-id=\"78b0bf2\" data-element_type=\"widget\" data-e-type=\"widget\" data-widget_type=\"text-editor.default\">\n\t\t\t\t<div class=\"elementor-widget-container\">\n\t\t\t\t\t\t\t\t\tNotre obsession de tous les jours, c\u2019est rendre la pr\u00e9vention sant\u00e9 accessible \u00e0 tous. <\/br>C\u2019est tellement une obsession, que c\u2019est carr\u00e9ment notre credo, notre ADN ! Prendre soin des autres, c\u2019est ce qui donne du sens \u00e0 notre m\u00e9tier. Nous savons qu\u2019ensemble, nous pouvons construire une sant\u00e9 solide pour le futur. Nous parions toutes nos billes sur vous, et \u00e7a ne nous fait pas peur, non, nous avons confiance.\t\t\t\t\t\t\t\t<\/div>\n\t\t\t\t<\/div>\n\t\t\t\t<div class=\"elementor-element elementor-element-1ede6cb elementor-widget elementor-widget-heading\" data-id=\"1ede6cb\" data-element_type=\"widget\" data-e-type=\"widget\" data-widget_type=\"heading.default\">\n\t\t\t\t<div class=\"elementor-widget-container\">\n\t\t\t\t\t<h5 class=\"elementor-heading-title elementor-size-default\">La transparence comme ciment<\/h5>\t\t\t\t<\/div>\n\t\t\t\t<\/div>\n\t\t\t\t<div class=\"elementor-element elementor-element-2bab785 elementor-widget elementor-widget-text-editor\" data-id=\"2bab785\" data-element_type=\"widget\" data-e-type=\"widget\" data-widget_type=\"text-editor.default\">\n\t\t\t\t<div class=\"elementor-widget-container\">\n\t\t\t\t\t\t\t\t\tNous d\u00e9pendons tous des uns et des autres, et sans clart\u00e9 nous ne pouvons plus nous soutenir mutuellement. C\u2019est pourquoi nous cultivons depuis toujours l\u2019\u00e9thique de notre transparence, de l\u2019information aux produits en passant par nos d\u00e9cisions et nos process. Nous b\u00e2tissons ainsi des relations durables avec vous bien s\u00fbr, mais aussi avec nos fournisseurs, nos clients, nos partenaires et nos collaborateurs. Nous croyons en un cercle vertueux pour que chacun y voit son bonheur.<\/br>Nous n\u2019avons rien \u00e0 cacher, tout \u00e0 montrer.\t\t\t\t\t\t\t\t<\/div>\n\t\t\t\t<\/div>\n\t\t\t\t<div class=\"elementor-element elementor-element-b8ae6a5 elementor-widget elementor-widget-heading\" data-id=\"b8ae6a5\" data-element_type=\"widget\" data-e-type=\"widget\" data-widget_type=\"heading.default\">\n\t\t\t\t<div class=\"elementor-widget-container\">\n\t\t\t\t\t<h5 class=\"elementor-heading-title elementor-size-default\">Une remise en question constante<\/h5>\t\t\t\t<\/div>\n\t\t\t\t<\/div>\n\t\t\t\t<div class=\"elementor-element elementor-element-6b0d4b2 elementor-widget elementor-widget-text-editor\" data-id=\"6b0d4b2\" data-element_type=\"widget\" data-e-type=\"widget\" data-widget_type=\"text-editor.default\">\n\t\t\t\t<div class=\"elementor-widget-container\">\n\t\t\t\t\t\t\t\t\tPuisqu\u2019on parle des relations, que pensez-vous de la remise en question ? <\/br>Chez Medisur, nous pensons qu\u2019elle est primordiale pour continuer \u00e0 avancer ensemble. Nous sommes ouverts d\u2019esprit et suffisamment honn\u00eates envers nous-m\u00eames pour savoir quand il faut rectifier la ligne de conduite. C\u2019est ce qui nous rend plus forts, plus agiles, c\u2019est ce qui nous fait rebondir toujours plus dans la bonne direction.\t\t\t\t\t\t\t\t<\/div>\n\t\t\t\t<\/div>\n\t\t\t\t<div class=\"elementor-element elementor-element-d3d8012 elementor-widget elementor-widget-heading\" data-id=\"d3d8012\" data-element_type=\"widget\" data-e-type=\"widget\" data-widget_type=\"heading.default\">\n\t\t\t\t<div class=\"elementor-widget-container\">\n\t\t\t\t\t<h5 class=\"elementor-heading-title elementor-size-default\">La convivialit\u00e9 et le partage en bonus<\/h5>\t\t\t\t<\/div>\n\t\t\t\t<\/div>\n\t\t\t\t<div class=\"elementor-element elementor-element-8cb0b3c elementor-widget elementor-widget-text-editor\" data-id=\"8cb0b3c\" data-element_type=\"widget\" data-e-type=\"widget\" data-widget_type=\"text-editor.default\">\n\t\t\t\t<div class=\"elementor-widget-container\">\n\t\t\t\t\t\t\t\t\tEn fondant Medisur, nous savions une chose : ce n\u2019est pas en gardant notre expertise pour nous que nous allions changer le monde ! Alors nous avons construit une entreprise o\u00f9 r\u00e8gnent la convivialit\u00e9 et le partage, pour une diffusion maximale de notre savoir. Parce que si c\u2019est pour se regarder le nombril, autant retourner se coucher.\u00a0<\/br>Bisous, bonne nuit !\n\n&nbsp;\t\t\t\t\t\t\t\t<\/div>\n\t\t\t\t<\/div>\n\t\t\t\t\t<\/div>\n\t\t<\/div>\n\t\t\t\t<div class=\"elementor-column elementor-col-50 elementor-inner-column elementor-element elementor-element-3b6bed4\" data-id=\"3b6bed4\" data-element_type=\"column\" data-e-type=\"column\">\n\t\t\t<div class=\"elementor-widget-wrap elementor-element-populated\">\n\t\t\t\t\t\t<div class=\"elementor-element elementor-element-e8bc3c6 elementor-widget elementor-widget-heading\" data-id=\"e8bc3c6\" data-element_type=\"widget\" data-e-type=\"widget\" data-widget_type=\"heading.default\">\n\t\t\t\t<div class=\"elementor-widget-container\">\n\t\t\t\t\t<h6 class=\"elementor-heading-title elementor-size-default\">culture d'entreprise - valeurs<\/h6>\t\t\t\t<\/div>\n\t\t\t\t<\/div>\n\t\t\t\t<div class=\"elementor-element elementor-element-d232875 elementor-widget elementor-widget-heading\" data-id=\"d232875\" data-element_type=\"widget\" data-e-type=\"widget\" data-widget_type=\"heading.default\">\n\t\t\t\t<div class=\"elementor-widget-container\">\n\t\t\t\t\t<h6 class=\"elementor-heading-title elementor-size-default\">Notre motivation, c\u2019est vous. <br>Se soucier de votre sant\u00e9,<br>c\u2019est notre m\u00e9tier.<\/h6>\t\t\t\t<\/div>\n\t\t\t\t<\/div>\n\t\t\t\t\t<\/div>\n\t\t<\/div>\n\t\t\t\t\t<\/div>\n\t\t<\/section>\n\t\t\t\t\t<\/div>\n\t\t<\/div>\n\t\t\t\t\t<\/div>\n\t\t<\/section>\n\t\t\t\t<section class=\"elementor-section elementor-top-section elementor-element elementor-element-afa7304 elementor-section-boxed elementor-section-height-default elementor-section-height-default\" data-id=\"afa7304\" data-element_type=\"section\" data-e-type=\"section\" data-settings=\"{&quot;jet_parallax_layout_list&quot;:[]}\">\n\t\t\t\t\t\t<div class=\"elementor-container elementor-column-gap-default\">\n\t\t\t\t\t<div class=\"elementor-column elementor-col-100 elementor-top-column elementor-element elementor-element-96807ee\" data-id=\"96807ee\" data-element_type=\"column\" data-e-type=\"column\">\n\t\t\t<div class=\"elementor-widget-wrap elementor-element-populated\">\n\t\t\t\t\t\t<div class=\"elementor-element elementor-element-4b195f5 elementor-widget elementor-widget-heading\" data-id=\"4b195f5\" data-element_type=\"widget\" data-e-type=\"widget\" data-widget_type=\"heading.default\">\n\t\t\t\t<div class=\"elementor-widget-container\">\n\t\t\t\t\t<h6 class=\"elementor-heading-title elementor-size-default\">Dites Sant\u00e9 ! \ud83d\ude42<\/h6>\t\t\t\t<\/div>\n\t\t\t\t<\/div>\n\t\t\t\t<div class=\"elementor-element elementor-element-b997e37 elementor-widget elementor-widget-text-editor\" data-id=\"b997e37\" data-element_type=\"widget\" data-e-type=\"widget\" data-widget_type=\"text-editor.default\">\n\t\t\t\t<div class=\"elementor-widget-container\">\n\t\t\t\t\t\t\t\t\t<p>Medisur s\u2019adapte \u00e0 votre <a href=\"https:\/\/www.medisur.fr\/entreprises\/\">entreprise<\/a> pour vous proposer un accompagnement personnalis\u00e9 en fonction de votre organisation, de vos pr\u00e9requis et tout simplement de vos envies ! Des formats qui s\u2019adaptent \u00e0 vos contraintes d\u2019organisation et enjeux.<\/p>\t\t\t\t\t\t\t\t<\/div>\n\t\t\t\t<\/div>\n\t\t\t\t\t<\/div>\n\t\t<\/div>\n\t\t\t\t\t<\/div>\n\t\t<\/section>\n\t\t\t\t<\/div>\n\t\t","protected":false},"excerpt":{"rendered":"<p>culture d&#8217;entreprise Faire de la pr\u00e9vention sant\u00e9 une priorit\u00e9 d&#8217;aujourd&#8217;hui. culture d&#8217;entreprise &#8211; vision Chez MEDISUR, on se l\u00e8ve tous les matins pour vous accompagner au-devant de votre sant\u00e9. Nous croyons qu\u2019il n\u2019y a rien de plus important que la sant\u00e9. Et sur ce point, la science et la logique s\u2019accordent pour constater qu\u2019il vaut [&hellip;]<\/p>\n","protected":false},"author":2,"featured_media":788,"parent":0,"menu_order":0,"comment_status":"closed","ping_status":"closed","template":"full-width.php","meta":{"_acf_changed":false,"footnotes":""},"class_list":["post-776","page","type-page","status-publish","has-post-thumbnail","hentry"],"acf":[],"_links":{"self":[{"href":"https:\/\/www.medisur.fr\/en\/wp-json\/wp\/v2\/pages\/776","targetHints":{"allow":["GET"]}}],"collection":[{"href":"https:\/\/www.medisur.fr\/en\/wp-json\/wp\/v2\/pages"}],"about":[{"href":"https:\/\/www.medisur.fr\/en\/wp-json\/wp\/v2\/types\/page"}],"author":[{"embeddable":true,"href":"https:\/\/www.medisur.fr\/en\/wp-json\/wp\/v2\/users\/2"}],"replies":[{"embeddable":true,"href":"https:\/\/www.medisur.fr\/en\/wp-json\/wp\/v2\/comments?post=776"}],"version-history":[{"count":0,"href":"https:\/\/www.medisur.fr\/en\/wp-json\/wp\/v2\/pages\/776\/revisions"}],"wp:featuredmedia":[{"embeddable":true,"href":"https:\/\/www.medisur.fr\/en\/wp-json\/wp\/v2\/media\/788"}],"wp:attachment":[{"href":"https:\/\/www.medisur.fr\/en\/wp-json\/wp\/v2\/media?parent=776"}],"curies":[{"name":"wp","href":"https:\/\/api.w.org\/{rel}","templated":true}]}}