{"id":6906,"date":"2022-07-19T16:40:52","date_gmt":"2022-07-19T14:40:52","guid":{"rendered":"https:\/\/www.medisur.fr\/?page_id=6906"},"modified":"2023-08-07T10:49:58","modified_gmt":"2023-08-07T08:49:58","slug":"mentions-legales","status":"publish","type":"page","link":"https:\/\/www.medisur.fr\/en\/mentions-legales\/","title":{"rendered":"Legal Notice"},"content":{"rendered":"<div data-elementor-type=\"wp-page\" data-elementor-id=\"6906\" class=\"elementor elementor-6906\" data-elementor-post-type=\"page\">\n\t\t\t\t\t\t<section class=\"elementor-section elementor-top-section elementor-element elementor-element-146b555 elementor-section-boxed elementor-section-height-default elementor-section-height-default\" data-id=\"146b555\" data-element_type=\"section\" data-e-type=\"section\" data-settings=\"{&quot;jet_parallax_layout_list&quot;:[]}\">\n\t\t\t\t\t\t<div class=\"elementor-container elementor-column-gap-default\">\n\t\t\t\t\t<div class=\"elementor-column elementor-col-100 elementor-top-column elementor-element elementor-element-6edf22f\" data-id=\"6edf22f\" data-element_type=\"column\" data-e-type=\"column\">\n\t\t\t<div class=\"elementor-widget-wrap elementor-element-populated\">\n\t\t\t\t\t\t<div class=\"elementor-element elementor-element-5627a85 elementor-widget elementor-widget-text-editor\" data-id=\"5627a85\" data-element_type=\"widget\" data-e-type=\"widget\" data-widget_type=\"text-editor.default\">\n\t\t\t\t<div class=\"elementor-widget-container\">\n\t\t\t\t\t\t\t\t\t<p><b>Editor<\/b>\u00a0: website editor <a href=\"http:\/\/www.medisur.fr\/en\/\">www.medisur.fr<\/a> is the company MEDISUR<b>,<\/b> simplified joint-stock company, with capital of 613,986 euros, registered under number 813 334 893 in the Aix-en-Provence Trade and Companies Register, whose registered office is P\u00f4le Yvon Morandat, 1480 Av. d&#039;Arm\u00e9nie, 13120 Gardanne, and represented by its current Chairman, Mr. Edouard RAULINE.<\/p><p><b>Contact<\/b>\u00a0: you can contact MEDISUR:<\/p><ul><li>By phone at (+33) 04 42 96 09 68<\/li><li>By electronic means to the following address: contact@medisur.fr<\/li><li>By post to the following address: P\u00f4le Yvon Morandat, 1480 Av. d&#039;Arm\u00e9nie, 13120 Gardanne, France.<\/li><\/ul><p><b>Director<\/b> <b>of the publication<\/b>\u00a0: the director of publication is Mr. Edouard RAULINE.\u00a0<\/p><p>\u00a0<\/p><p><b>Host<\/b>\u00a0: the host is PLANETHOSTER whose address is 4416 Louis-B.-Mayer Laval, Quebec Canada H7P 0G1 and the telephone number is +33 1 76 60 41 43<\/p>\t\t\t\t\t\t\t\t<\/div>\n\t\t\t\t<\/div>\n\t\t\t\t\t<\/div>\n\t\t<\/div>\n\t\t\t\t\t<\/div>\n\t\t<\/section>\n\t\t\t\t<\/div>","protected":false},"excerpt":{"rendered":"<p>Editeur\u00a0: l\u2019\u00e9diteur du site Internet www.medisur.fr est la soci\u00e9t\u00e9 MEDISUR, soci\u00e9t\u00e9 par actions simplifi\u00e9e, au capital de 613\u202f986 euros, immatricul\u00e9e sous le num\u00e9ro 813\u00a0334\u00a0893 au Registre du commerce et des soci\u00e9t\u00e9s d\u2019Aix-en-Provence, dont le si\u00e8ge social est P\u00f4le Yvon Morandat, 1480 Av. d&#8217;Arm\u00e9nie, 13120 Gardanne, et repr\u00e9sent\u00e9e par son Pr\u00e9sident en exercice, Monsieur Edouard RAULINE. [&hellip;]<\/p>\n","protected":false},"author":2,"featured_media":0,"parent":0,"menu_order":0,"comment_status":"closed","ping_status":"closed","template":"","meta":{"_acf_changed":false,"footnotes":""},"class_list":["post-6906","page","type-page","status-publish","hentry"],"acf":[],"_links":{"self":[{"href":"https:\/\/www.medisur.fr\/en\/wp-json\/wp\/v2\/pages\/6906","targetHints":{"allow":["GET"]}}],"collection":[{"href":"https:\/\/www.medisur.fr\/en\/wp-json\/wp\/v2\/pages"}],"about":[{"href":"https:\/\/www.medisur.fr\/en\/wp-json\/wp\/v2\/types\/page"}],"author":[{"embeddable":true,"href":"https:\/\/www.medisur.fr\/en\/wp-json\/wp\/v2\/users\/2"}],"replies":[{"embeddable":true,"href":"https:\/\/www.medisur.fr\/en\/wp-json\/wp\/v2\/comments?post=6906"}],"version-history":[{"count":0,"href":"https:\/\/www.medisur.fr\/en\/wp-json\/wp\/v2\/pages\/6906\/revisions"}],"wp:attachment":[{"href":"https:\/\/www.medisur.fr\/en\/wp-json\/wp\/v2\/media?parent=6906"}],"curies":[{"name":"wp","href":"https:\/\/api.w.org\/{rel}","templated":true}]}}