{"id":25247,"date":"2026-04-02T09:59:10","date_gmt":"2026-04-02T07:59:10","guid":{"rendered":"https:\/\/www.medisur.fr\/?page_id=25247"},"modified":"2026-04-02T10:04:12","modified_gmt":"2026-04-02T08:04:12","slug":"test-salivaire-cannabis-seuil-bas","status":"publish","type":"page","link":"https:\/\/www.medisur.fr\/en\/test-salivaire-cannabis-seuil-bas\/","title":{"rendered":"Cannabis saliva test \u2013 low threshold"},"content":{"rendered":"<div data-elementor-type=\"wp-page\" data-elementor-id=\"25247\" class=\"elementor elementor-25247\" data-elementor-post-type=\"page\">\n\t\t\t\t\t\t<section class=\"elementor-section elementor-top-section elementor-element elementor-element-fba6997 elementor-section-boxed elementor-section-height-default elementor-section-height-default\" data-id=\"fba6997\" data-element_type=\"section\" data-e-type=\"section\" data-settings=\"{&quot;jet_parallax_layout_list&quot;:[]}\">\n\t\t\t\t\t\t<div class=\"elementor-container elementor-column-gap-default\">\n\t\t\t\t\t<div class=\"elementor-column elementor-col-100 elementor-top-column elementor-element elementor-element-e0f4f02\" data-id=\"e0f4f02\" data-element_type=\"column\" data-e-type=\"column\">\n\t\t\t<div class=\"elementor-widget-wrap elementor-element-populated\">\n\t\t\t\t\t\t<div class=\"elementor-element elementor-element-e0b23a4 elementor-widget elementor-widget-breadcrumbs\" data-id=\"e0b23a4\" data-element_type=\"widget\" data-e-type=\"widget\" data-widget_type=\"breadcrumbs.default\">\n\t\t\t\t<div class=\"elementor-widget-container\">\n\t\t\t\t\t<p id=\"breadcrumbs\"><span><span><a href=\"https:\/\/www.medisur.fr\/en\/\">Welcome<\/a><\/span><\/span><\/p>\t\t\t\t<\/div>\n\t\t\t\t<\/div>\n\t\t\t\t\t<\/div>\n\t\t<\/div>\n\t\t\t\t\t<\/div>\n\t\t<\/section>\n\t\t\t\t<section class=\"elementor-section elementor-top-section elementor-element elementor-element-d407380 elementor-section-boxed elementor-section-height-default elementor-section-height-default\" data-id=\"d407380\" data-element_type=\"section\" data-e-type=\"section\" data-settings=\"{&quot;jet_parallax_layout_list&quot;:[]}\">\n\t\t\t\t\t\t<div class=\"elementor-container elementor-column-gap-default\">\n\t\t\t\t\t<div class=\"elementor-column elementor-col-50 elementor-top-column elementor-element elementor-element-c581492\" data-id=\"c581492\" data-element_type=\"column\" data-e-type=\"column\">\n\t\t\t<div class=\"elementor-widget-wrap elementor-element-populated\">\n\t\t\t\t\t\t<div class=\"elementor-element elementor-element-5bf025a elementor-widget elementor-widget-image\" data-id=\"5bf025a\" data-element_type=\"widget\" data-e-type=\"widget\" data-widget_type=\"image.default\">\n\t\t\t\t<div class=\"elementor-widget-container\">\n\t\t\t\t\t\t\t\t\t\t\t\t\t\t\t<img fetchpriority=\"high\" decoding=\"async\" width=\"500\" height=\"500\" src=\"https:\/\/www.medisur.fr\/wp-content\/uploads\/2024\/10\/autotest-cannabis-salivaire-right-sign-thc15-avec-glypes.png\" class=\"attachment-Image Size 500x500 size-Image Size 500x500 wp-image-18929\" alt=\"\" srcset=\"https:\/\/www.medisur.fr\/wp-content\/uploads\/2024\/10\/autotest-cannabis-salivaire-right-sign-thc15-avec-glypes.png 500w, https:\/\/www.medisur.fr\/wp-content\/uploads\/2024\/10\/autotest-cannabis-salivaire-right-sign-thc15-avec-glypes-300x300.png 300w, https:\/\/www.medisur.fr\/wp-content\/uploads\/2024\/10\/autotest-cannabis-salivaire-right-sign-thc15-avec-glypes-100x100.png 100w, https:\/\/www.medisur.fr\/wp-content\/uploads\/2024\/10\/autotest-cannabis-salivaire-right-sign-thc15-avec-glypes-150x150.png 150w, https:\/\/www.medisur.fr\/wp-content\/uploads\/2024\/10\/autotest-cannabis-salivaire-right-sign-thc15-avec-glypes-12x12.png 12w\" sizes=\"(max-width: 500px) 100vw, 500px\" \/>\t\t\t\t\t\t\t\t\t\t\t\t\t\t\t<\/div>\n\t\t\t\t<\/div>\n\t\t\t\t\t<\/div>\n\t\t<\/div>\n\t\t\t\t<div class=\"elementor-column elementor-col-50 elementor-top-column elementor-element elementor-element-59fae3a\" data-id=\"59fae3a\" data-element_type=\"column\" data-e-type=\"column\">\n\t\t\t<div class=\"elementor-widget-wrap elementor-element-populated\">\n\t\t\t\t\t\t<div class=\"elementor-element elementor-element-bcca73a elementor-widget elementor-widget-heading\" data-id=\"bcca73a\" data-element_type=\"widget\" data-e-type=\"widget\" data-widget_type=\"heading.default\">\n\t\t\t\t<div class=\"elementor-widget-container\">\n\t\t\t\t\t<h2 class=\"elementor-heading-title elementor-size-default\">Cannabis saliva self-test <\/h2>\t\t\t\t<\/div>\n\t\t\t\t<\/div>\n\t\t\t\t<div class=\"elementor-element elementor-element-634a825 elementor-widget elementor-widget-text-editor\" data-id=\"634a825\" data-element_type=\"widget\" data-e-type=\"widget\" data-widget_type=\"text-editor.default\">\n\t\t\t\t<div class=\"elementor-widget-container\">\n\t\t\t\t\t\t\t\t\t<p><span style=\"color: #777777; font-family: Lato, sans-serif; font-size: medium;\">The Cannabis Self-Test is a rapid chromatographic immunoassay for the detection of cannabis in saliva. <\/span><span style=\"font-size: medium; color: #777777; font-family: Lato, sans-serif;\">at a threshold of\u00a0<span style=\"font-weight: bolder;\">15 ng\/mL <\/span>(<\/span><span style=\"font-size: 1rem; font-family: 'Times New Roman', serif;\">\u0394<\/span><span style=\"font-size: medium; color: #777777; font-family: Lato, sans-serif;\">9\u00a0<\/span><span style=\"font-size: medium; color: #777777; font-family: Lato, sans-serif;\">-THC)<\/span><\/p><div><b>Features :<\/b><\/div><ul><li>Result from<strong> 2 minutes<\/strong><\/li><li>Collector with saliva indicator<\/li><li>THC15 detection threshold compliant with law enforcement (police and gendarmerie)<\/li><li>Reliability at 97.8%<\/li><li>Complies with the <strong>Council of State <\/strong>(CE n\u00b0394178 of 05\/12\/16)<\/li><\/ul>\t\t\t\t\t\t\t\t<\/div>\n\t\t\t\t<\/div>\n\t\t\t\t<div class=\"elementor-element elementor-element-7216868 elementor-widget elementor-widget-heading\" data-id=\"7216868\" data-element_type=\"widget\" data-e-type=\"widget\" data-widget_type=\"heading.default\">\n\t\t\t\t<div class=\"elementor-widget-container\">\n\t\t\t\t\t<h2 class=\"elementor-heading-title elementor-size-default\">Download the instructions<\/h2>\t\t\t\t<\/div>\n\t\t\t\t<\/div>\n\t\t\t\t<div class=\"elementor-element elementor-element-7b8a6b1 elementor-widget elementor-widget-text-editor\" data-id=\"7b8a6b1\" data-element_type=\"widget\" data-e-type=\"widget\" data-widget_type=\"text-editor.default\">\n\t\t\t\t<div class=\"elementor-widget-container\">\n\t\t\t\t\t\t\t\t\t<p><span style=\"font-size: 1rem;\">To download the instructions, click on the following link: <a  data-e-disable-page-transition=\"true\" class=\"download-link\" title=\"\" href=\"https:\/\/www.medisur.fr\/en\/download\/23878\/?tmstv=1777635597\" rel=\"nofollow\" id=\"download-link-23878\" data-redirect=\"false\" >\n\tNotice Test Salivaire Cannabis\t(650 downloads\t)\n<\/a>\n<\/span><\/p>\t\t\t\t\t\t\t\t<\/div>\n\t\t\t\t<\/div>\n\t\t\t\t\t<\/div>\n\t\t<\/div>\n\t\t\t\t\t<\/div>\n\t\t<\/section>\n\t\t\t\t<section class=\"elementor-section elementor-top-section elementor-element elementor-element-6078993 elementor-section-boxed elementor-section-height-default elementor-section-height-default\" data-id=\"6078993\" data-element_type=\"section\" data-e-type=\"section\" data-settings=\"{&quot;jet_parallax_layout_list&quot;:[]}\">\n\t\t\t\t\t\t<div class=\"elementor-container elementor-column-gap-default\">\n\t\t\t\t\t<div class=\"elementor-column elementor-col-100 elementor-top-column elementor-element elementor-element-17ab2e9\" data-id=\"17ab2e9\" data-element_type=\"column\" data-e-type=\"column\">\n\t\t\t<div class=\"elementor-widget-wrap elementor-element-populated\">\n\t\t\t\t\t\t<div class=\"elementor-element elementor-element-fde416b elementor-widget elementor-widget-heading\" data-id=\"fde416b\" data-element_type=\"widget\" data-e-type=\"widget\" data-widget_type=\"heading.default\">\n\t\t\t\t<div class=\"elementor-widget-container\">\n\t\t\t\t\t<h2 class=\"elementor-heading-title elementor-size-default\">Quick procedure<\/h2>\t\t\t\t<\/div>\n\t\t\t\t<\/div>\n\t\t\t\t\t<\/div>\n\t\t<\/div>\n\t\t\t\t\t<\/div>\n\t\t<\/section>\n\t\t\t\t<section class=\"elementor-section elementor-top-section elementor-element elementor-element-01aa00c elementor-section-boxed elementor-section-height-default elementor-section-height-default\" data-id=\"01aa00c\" data-element_type=\"section\" data-e-type=\"section\" data-settings=\"{&quot;jet_parallax_layout_list&quot;:[]}\">\n\t\t\t\t\t\t<div class=\"elementor-container elementor-column-gap-default\">\n\t\t\t\t\t<div class=\"elementor-column elementor-col-100 elementor-top-column elementor-element elementor-element-c358bc7\" data-id=\"c358bc7\" data-element_type=\"column\" data-e-type=\"column\">\n\t\t\t<div class=\"elementor-widget-wrap elementor-element-populated\">\n\t\t\t\t\t\t<div class=\"elementor-element elementor-element-2961da5 elementor-widget elementor-widget-image\" data-id=\"2961da5\" data-element_type=\"widget\" data-e-type=\"widget\" data-widget_type=\"image.default\">\n\t\t\t\t<div class=\"elementor-widget-container\">\n\t\t\t\t\t\t\t\t\t\t\t\t\t\t\t<img decoding=\"async\" width=\"1024\" height=\"717\" src=\"https:\/\/www.medisur.fr\/wp-content\/uploads\/2024\/10\/Procedure-simplifiee-autotest-cannabis-salivaire-BIOTEST-grand-public-1024x717.png\" class=\"attachment-large size-large wp-image-18913\" alt=\"\" srcset=\"https:\/\/www.medisur.fr\/wp-content\/uploads\/2024\/10\/Procedure-simplifiee-autotest-cannabis-salivaire-BIOTEST-grand-public-1024x717.png 1024w, https:\/\/www.medisur.fr\/wp-content\/uploads\/2024\/10\/Procedure-simplifiee-autotest-cannabis-salivaire-BIOTEST-grand-public-300x210.png 300w, https:\/\/www.medisur.fr\/wp-content\/uploads\/2024\/10\/Procedure-simplifiee-autotest-cannabis-salivaire-BIOTEST-grand-public-600x420.png 600w, https:\/\/www.medisur.fr\/wp-content\/uploads\/2024\/10\/Procedure-simplifiee-autotest-cannabis-salivaire-BIOTEST-grand-public-768x538.png 768w, https:\/\/www.medisur.fr\/wp-content\/uploads\/2024\/10\/Procedure-simplifiee-autotest-cannabis-salivaire-BIOTEST-grand-public-1536x1075.png 1536w, https:\/\/www.medisur.fr\/wp-content\/uploads\/2024\/10\/Procedure-simplifiee-autotest-cannabis-salivaire-BIOTEST-grand-public-18x12.png 18w, https:\/\/www.medisur.fr\/wp-content\/uploads\/2024\/10\/Procedure-simplifiee-autotest-cannabis-salivaire-BIOTEST-grand-public.png 2000w\" sizes=\"(max-width: 1024px) 100vw, 1024px\" \/>\t\t\t\t\t\t\t\t\t\t\t\t\t\t\t<\/div>\n\t\t\t\t<\/div>\n\t\t\t\t\t<\/div>\n\t\t<\/div>\n\t\t\t\t\t<\/div>\n\t\t<\/section>\n\t\t\t\t<\/div>","protected":false},"excerpt":{"rendered":"<p>Autotest cannabis salivaire L&#8217;autotest cannabis est un test immunologique chromatographique rapide pour la d\u00e9tection du cannabis dans la salive \u00e0 un seuil de\u00a015 ng\/mL (\u03949\u00a0-THC) Caract\u00e9ristiques : R\u00e9sultat \u00e0 partir de 2 minutes Collecteur avec indicateur de salive Seuil de d\u00e9tection THC15 conforme force de l&#8217;ordre (police et gendarmerie) Fiabilit\u00e9 \u00e0 97.8% Conforme au Conseil [&hellip;]<\/p>\n","protected":false},"author":420,"featured_media":0,"parent":0,"menu_order":0,"comment_status":"closed","ping_status":"closed","template":"","meta":{"_acf_changed":false,"footnotes":""},"class_list":["post-25247","page","type-page","status-publish","hentry"],"acf":[],"_links":{"self":[{"href":"https:\/\/www.medisur.fr\/en\/wp-json\/wp\/v2\/pages\/25247","targetHints":{"allow":["GET"]}}],"collection":[{"href":"https:\/\/www.medisur.fr\/en\/wp-json\/wp\/v2\/pages"}],"about":[{"href":"https:\/\/www.medisur.fr\/en\/wp-json\/wp\/v2\/types\/page"}],"author":[{"embeddable":true,"href":"https:\/\/www.medisur.fr\/en\/wp-json\/wp\/v2\/users\/420"}],"replies":[{"embeddable":true,"href":"https:\/\/www.medisur.fr\/en\/wp-json\/wp\/v2\/comments?post=25247"}],"version-history":[{"count":5,"href":"https:\/\/www.medisur.fr\/en\/wp-json\/wp\/v2\/pages\/25247\/revisions"}],"predecessor-version":[{"id":25254,"href":"https:\/\/www.medisur.fr\/en\/wp-json\/wp\/v2\/pages\/25247\/revisions\/25254"}],"wp:attachment":[{"href":"https:\/\/www.medisur.fr\/en\/wp-json\/wp\/v2\/media?parent=25247"}],"curies":[{"name":"wp","href":"https:\/\/api.w.org\/{rel}","templated":true}]}}