{"id":22147,"date":"2025-05-23T15:00:13","date_gmt":"2025-05-23T13:00:13","guid":{"rendered":"https:\/\/www.medisur.fr\/?page_id=22147"},"modified":"2026-02-25T16:56:46","modified_gmt":"2026-02-25T15:56:46","slug":"test-salivaire-multidrogues-6-classes-de-drogues","status":"publish","type":"page","link":"https:\/\/www.medisur.fr\/en\/test-salivaire-multidrogues-6-classes-de-drogues\/","title":{"rendered":"Multi-drug Saliva Test 6 drug classes"},"content":{"rendered":"<div data-elementor-type=\"wp-page\" data-elementor-id=\"22147\" class=\"elementor elementor-22147\" data-elementor-post-type=\"page\">\n\t\t\t\t\t\t<section class=\"elementor-section elementor-top-section elementor-element elementor-element-6306b87 elementor-section-boxed elementor-section-height-default elementor-section-height-default\" data-id=\"6306b87\" data-element_type=\"section\" data-e-type=\"section\" data-settings=\"{&quot;jet_parallax_layout_list&quot;:[]}\">\n\t\t\t\t\t\t<div class=\"elementor-container elementor-column-gap-default\">\n\t\t\t\t\t<div class=\"elementor-column elementor-col-100 elementor-top-column elementor-element elementor-element-5f402b2\" data-id=\"5f402b2\" data-element_type=\"column\" data-e-type=\"column\">\n\t\t\t<div class=\"elementor-widget-wrap elementor-element-populated\">\n\t\t\t\t\t\t<section class=\"elementor-section elementor-inner-section elementor-element elementor-element-cf9a2fd elementor-section-boxed elementor-section-height-default elementor-section-height-default\" data-id=\"cf9a2fd\" data-element_type=\"section\" data-e-type=\"section\" data-settings=\"{&quot;jet_parallax_layout_list&quot;:[]}\">\n\t\t\t\t\t\t<div class=\"elementor-container elementor-column-gap-default\">\n\t\t\t\t\t<div class=\"elementor-column elementor-col-50 elementor-inner-column elementor-element elementor-element-74ae760\" data-id=\"74ae760\" data-element_type=\"column\" data-e-type=\"column\">\n\t\t\t<div class=\"elementor-widget-wrap elementor-element-populated\">\n\t\t\t\t\t\t<div class=\"elementor-element elementor-element-be85f0b elementor-widget elementor-widget-woocommerce-breadcrumb\" data-id=\"be85f0b\" data-element_type=\"widget\" data-e-type=\"widget\" data-widget_type=\"woocommerce-breadcrumb.default\">\n\t\t\t\t<div class=\"elementor-widget-container\">\n\t\t\t\t\t<nav class=\"woocommerce-breadcrumb\" aria-label=\"Breadcrumb\" data-no-translation=\"\" data-trp-gettext=\"\">Home<\/nav>\t\t\t\t<\/div>\n\t\t\t\t<\/div>\n\t\t\t\t<div class=\"elementor-element elementor-element-222ead3 elementor-widget elementor-widget-image\" data-id=\"222ead3\" data-element_type=\"widget\" data-e-type=\"widget\" data-widget_type=\"image.default\">\n\t\t\t\t<div class=\"elementor-widget-container\">\n\t\t\t\t\t\t\t\t\t\t\t\t\t\t\t<img fetchpriority=\"high\" decoding=\"async\" width=\"500\" height=\"500\" src=\"https:\/\/www.medisur.fr\/wp-content\/uploads\/2025\/06\/MD-6-classes.png\" class=\"attachment-medium_large size-medium_large wp-image-22565\" alt=\"test de d\u00e9pistage drogues 6 classes pour la pr\u00e9vention des addictions au travail\" srcset=\"https:\/\/www.medisur.fr\/wp-content\/uploads\/2025\/06\/MD-6-classes.png 500w, https:\/\/www.medisur.fr\/wp-content\/uploads\/2025\/06\/MD-6-classes-300x300.png 300w, https:\/\/www.medisur.fr\/wp-content\/uploads\/2025\/06\/MD-6-classes-100x100.png 100w, https:\/\/www.medisur.fr\/wp-content\/uploads\/2025\/06\/MD-6-classes-150x150.png 150w, https:\/\/www.medisur.fr\/wp-content\/uploads\/2025\/06\/MD-6-classes-12x12.png 12w\" sizes=\"(max-width: 500px) 100vw, 500px\" \/>\t\t\t\t\t\t\t\t\t\t\t\t\t\t\t<\/div>\n\t\t\t\t<\/div>\n\t\t\t\t\t<\/div>\n\t\t<\/div>\n\t\t\t\t<div class=\"elementor-column elementor-col-50 elementor-inner-column elementor-element elementor-element-d2a8c10\" data-id=\"d2a8c10\" data-element_type=\"column\" data-e-type=\"column\">\n\t\t\t<div class=\"elementor-widget-wrap elementor-element-populated\">\n\t\t\t\t\t\t<div class=\"elementor-element elementor-element-5e77b9f elementor-widget elementor-widget-heading\" data-id=\"5e77b9f\" data-element_type=\"widget\" data-e-type=\"widget\" data-widget_type=\"heading.default\">\n\t\t\t\t<div class=\"elementor-widget-container\">\n\t\t\t\t\t<h2 class=\"elementor-heading-title elementor-size-default\">Multi-drug saliva test<\/h2>\t\t\t\t<\/div>\n\t\t\t\t<\/div>\n\t\t\t\t<div class=\"elementor-element elementor-element-22c7721 elementor-widget elementor-widget-text-editor\" data-id=\"22c7721\" data-element_type=\"widget\" data-e-type=\"widget\" data-widget_type=\"text-editor.default\">\n\t\t\t\t<div class=\"elementor-widget-container\">\n\t\t\t\t\t\t\t\t\t<p>The Multi-Drug Saliva Test is a quick and convenient tool designed to detect the simultaneous presence of six classes of drugs in saliva. This test is suitable for a variety of situations, including roadside screening, workplace screening, and medical screening.<\/p><ul><li><p><span style=\"font-weight: bolder;\">Substances detected<\/span>\u00a0:<\/p><ul style=\"margin-bottom: 1rem;\"><li>Cannabis<\/li><li>Synthetic Cannabis K2*<\/li><li>Amphetamines<\/li><li>Methamphetamines<\/li><li>Opiates<\/li><li>Cocaine<\/li><\/ul><div><span style=\"font-weight: bolder;\">Features :<\/span><\/div><ul style=\"margin-bottom: 1rem;\"><li>Result in 1 minute<\/li><li>THC15 detection threshold compliant with law enforcement (police and gendarmerie)<\/li><li>Reliability at 96%<\/li><li>Complies with the Council of State (CE n\u00b0394178 of 05\/12\/16L)<\/li><\/ul><\/li><\/ul>\t\t\t\t\t\t\t\t<\/div>\n\t\t\t\t<\/div>\n\t\t\t\t\t<\/div>\n\t\t<\/div>\n\t\t\t\t\t<\/div>\n\t\t<\/section>\n\t\t\t\t\t<\/div>\n\t\t<\/div>\n\t\t\t\t\t<\/div>\n\t\t<\/section>\n\t\t\t\t<section class=\"elementor-section elementor-top-section elementor-element elementor-element-241e5df elementor-section-boxed elementor-section-height-default elementor-section-height-default\" data-id=\"241e5df\" data-element_type=\"section\" data-e-type=\"section\" data-settings=\"{&quot;jet_parallax_layout_list&quot;:[]}\">\n\t\t\t\t\t\t<div class=\"elementor-container elementor-column-gap-default\">\n\t\t\t\t\t<div class=\"elementor-column elementor-col-100 elementor-top-column elementor-element elementor-element-233130b\" data-id=\"233130b\" data-element_type=\"column\" data-e-type=\"column\">\n\t\t\t<div class=\"elementor-widget-wrap elementor-element-populated\">\n\t\t\t\t\t\t<div class=\"elementor-element elementor-element-9ad1473 elementor-widget elementor-widget-text-editor\" data-id=\"9ad1473\" data-element_type=\"widget\" data-e-type=\"widget\" data-widget_type=\"text-editor.default\">\n\t\t\t\t<div class=\"elementor-widget-container\">\n\t\t\t\t\t\t\t\t\t<p><span style=\"font-size: 1rem;\">*\ud83d\udd0e\u00a0<\/span><span style=\"font-weight: bolder;\">K2<\/span><span style=\"font-size: 1rem;\">, also called <\/span><em style=\"font-size: 1rem;\" data-start=\"469\" data-end=\"478\">\u201cSpice\u201d<\/em><span style=\"font-size: 1rem;\">, is a synthetic cannabinoid: a chemical substance that mimics the effects of cannabis, often more powerful and riskier.\u00a0<\/span><span style=\"font-size: 1rem;\">It is sometimes used for <\/span><strong style=\"font-size: 1rem;\" data-start=\"504\" data-end=\"550\">bypass a developed tolerance to THC<\/strong><span style=\"font-size: 1rem;\"> or like <\/span><strong style=\"font-size: 1rem;\" data-start=\"560\" data-end=\"617\">substitute less detectable during screening tests.\u00a0<\/strong><strong style=\"font-size: 1rem;\" data-start=\"688\" data-end=\"763\">This is why we chose to include its detection in our test<\/strong><span style=\"font-size: 1rem;\">, in order to guarantee a reliable and complete analysis.<\/span><\/p><div><p><span style=\"font-weight: bolder;\">Versions and detection thresholds:<\/span><\/p><div><p>The test is available in two versions, offering detection thresholds adapted to specific needs: ,<\/p><\/div><\/div>\t\t\t\t\t\t\t\t<\/div>\n\t\t\t\t<\/div>\n\t\t\t\t<section class=\"elementor-section elementor-inner-section elementor-element elementor-element-d3dbecd elementor-section-boxed elementor-section-height-default elementor-section-height-default\" data-id=\"d3dbecd\" data-element_type=\"section\" data-e-type=\"section\" data-settings=\"{&quot;jet_parallax_layout_list&quot;:[]}\">\n\t\t\t\t\t\t<div class=\"elementor-container elementor-column-gap-default\">\n\t\t\t\t\t<div class=\"elementor-column elementor-col-50 elementor-inner-column elementor-element elementor-element-d92f8b2\" data-id=\"d92f8b2\" data-element_type=\"column\" data-e-type=\"column\">\n\t\t\t<div class=\"elementor-widget-wrap elementor-element-populated\">\n\t\t\t\t\t\t<div class=\"elementor-element elementor-element-163cfe3 elementor-widget elementor-widget-text-editor\" data-id=\"163cfe3\" data-element_type=\"widget\" data-e-type=\"widget\" data-widget_type=\"text-editor.default\">\n\t\t\t\t<div class=\"elementor-widget-container\">\n\t\t\t\t\t\t\t\t\t<p><span style=\"font-weight: bolder;\">Version 1 \u2013 low threshold:\u00a0<\/span><\/p><ul style=\"margin-bottom: 0px;\"><li>Cannabis: 15 ng\/mL<\/li><li>Synthetic cannabis K2: 25 ng\/mL<\/li><li>Amphetamines: 50 ng\/mL<\/li><li>Methamphetamines: 50 ng\/mL<\/li><li>Opiates: 10 ng\/mL<\/li><li>Cocaine: 10 ng\/mL<\/li><\/ul>\t\t\t\t\t\t\t\t<\/div>\n\t\t\t\t<\/div>\n\t\t\t\t\t<\/div>\n\t\t<\/div>\n\t\t\t\t<div class=\"elementor-column elementor-col-50 elementor-inner-column elementor-element elementor-element-a21f70d\" data-id=\"a21f70d\" data-element_type=\"column\" data-e-type=\"column\">\n\t\t\t<div class=\"elementor-widget-wrap elementor-element-populated\">\n\t\t\t\t\t\t<div class=\"elementor-element elementor-element-ef7032b elementor-widget elementor-widget-text-editor\" data-id=\"ef7032b\" data-element_type=\"widget\" data-e-type=\"widget\" data-widget_type=\"text-editor.default\">\n\t\t\t\t<div class=\"elementor-widget-container\">\n\t\t\t\t\t\t\t\t\t<p><strong>Version 2 \u2013 high threshold:\u00a0<\/strong><\/p><ul><li>Cannabis: 50 ng\/mL<\/li><li>Synthetic cannabis: 30 ng\/mL<\/li><li>Amphetamines: 50 ng\/mL<\/li><li>Methamphetamines: 50 ng\/mL<\/li><li>Opiates: 40 ng\/mL<\/li><li>Cocaine: 20 ng\/mL<\/li><\/ul>\t\t\t\t\t\t\t\t<\/div>\n\t\t\t\t<\/div>\n\t\t\t\t\t<\/div>\n\t\t<\/div>\n\t\t\t\t\t<\/div>\n\t\t<\/section>\n\t\t\t\t<div class=\"elementor-element elementor-element-bc23109 elementor-widget elementor-widget-text-editor\" data-id=\"bc23109\" data-element_type=\"widget\" data-e-type=\"widget\" data-widget_type=\"text-editor.default\">\n\t\t\t\t<div class=\"elementor-widget-container\">\n\t\t\t\t\t\t\t\t\t<p><span style=\"font-weight: bolder;\">Guaranteed compliance<\/span><span style=\"font-weight: bolder;\">:<\/span><\/p>\n<div>\n<ul>\n<li><span class=\"OYPEnA font-feature-liga-off font-feature-clig-off font-feature-calt-off text-decoration-none text-strikethrough-none\">Certified compliant with the Council of State (CE N\u00b0394178 of 05\/12\/16) and the decree of 13\/12\/16 setting out the procedures for screening substances.<\/span><\/li>\n<li><span class=\"OYPEnA font-feature-liga-off font-feature-clig-off font-feature-calt-off text-decoration-none text-strikethrough-none\">Complete confidentiality: no visible match of the drugs tested.<\/span><\/li>\n<\/ul>\n<\/div>\t\t\t\t\t\t\t\t<\/div>\n\t\t\t\t<\/div>\n\t\t\t\t<div class=\"elementor-element elementor-element-48a0f3d elementor-widget elementor-widget-heading\" data-id=\"48a0f3d\" data-element_type=\"widget\" data-e-type=\"widget\" data-widget_type=\"heading.default\">\n\t\t\t\t<div class=\"elementor-widget-container\">\n\t\t\t\t\t<h2 class=\"elementor-heading-title elementor-size-default\">Download the instructions<\/h2>\t\t\t\t<\/div>\n\t\t\t\t<\/div>\n\t\t\t\t<div class=\"elementor-element elementor-element-bd8be89 elementor-widget elementor-widget-text-editor\" data-id=\"bd8be89\" data-element_type=\"widget\" data-e-type=\"widget\" data-widget_type=\"text-editor.default\">\n\t\t\t\t<div class=\"elementor-widget-container\">\n\t\t\t\t\t\t\t\t\t<p>To download the instructions, please click on the link corresponding to the desired version:<\/p>\t\t\t\t\t\t\t\t<\/div>\n\t\t\t\t<\/div>\n\t\t\t\t<section class=\"elementor-section elementor-inner-section elementor-element elementor-element-9699fec elementor-section-boxed elementor-section-height-default elementor-section-height-default\" data-id=\"9699fec\" data-element_type=\"section\" data-e-type=\"section\" data-settings=\"{&quot;jet_parallax_layout_list&quot;:[]}\">\n\t\t\t\t\t\t<div class=\"elementor-container elementor-column-gap-default\">\n\t\t\t\t\t<div class=\"elementor-column elementor-col-50 elementor-inner-column elementor-element elementor-element-583c2ce\" data-id=\"583c2ce\" data-element_type=\"column\" data-e-type=\"column\">\n\t\t\t<div class=\"elementor-widget-wrap elementor-element-populated\">\n\t\t\t\t\t\t<div class=\"elementor-element elementor-element-1eba59a elementor-widget elementor-widget-text-editor\" data-id=\"1eba59a\" data-element_type=\"widget\" data-e-type=\"widget\" data-widget_type=\"text-editor.default\">\n\t\t\t\t<div class=\"elementor-widget-container\">\n\t\t\t\t\t\t\t\t\t<p><span style=\"font-weight: bolder;\">Version 1:<\/span><\/p><ul style=\"margin-bottom: 0px;\"><li><a  data-e-disable-page-transition=\"true\" class=\"download-link\" title=\"\" href=\"https:\/\/www.medisur.fr\/en\/download\/24974\/?tmstv=1777689518\" rel=\"nofollow\" id=\"download-link-24974\" data-redirect=\"false\" >\n\tNotice test salivaire multidrogues &#8211; seuil bas\t(221 downloads\t)\n<\/a>\n<\/li><\/ul>\t\t\t\t\t\t\t\t<\/div>\n\t\t\t\t<\/div>\n\t\t\t\t\t<\/div>\n\t\t<\/div>\n\t\t\t\t<div class=\"elementor-column elementor-col-50 elementor-inner-column elementor-element elementor-element-6c1a1e5\" data-id=\"6c1a1e5\" data-element_type=\"column\" data-e-type=\"column\">\n\t\t\t<div class=\"elementor-widget-wrap elementor-element-populated\">\n\t\t\t\t\t\t<div class=\"elementor-element elementor-element-ee84547 elementor-widget elementor-widget-text-editor\" data-id=\"ee84547\" data-element_type=\"widget\" data-e-type=\"widget\" data-widget_type=\"text-editor.default\">\n\t\t\t\t<div class=\"elementor-widget-container\">\n\t\t\t\t\t\t\t\t\t<p><span style=\"font-weight: bolder;\">Version 2:<\/span><\/p><ul style=\"margin-bottom: 0px;\"><li><a  data-e-disable-page-transition=\"true\" class=\"download-link\" title=\"\" href=\"https:\/\/www.medisur.fr\/en\/download\/24971\/?tmstv=1777689518\" rel=\"nofollow\" id=\"download-link-24971\" data-redirect=\"false\" >\n\tNotice test salivaire multidrogues &#8211; seuil haut\t(204 downloads\t)\n<\/a>\n<\/li><\/ul>\t\t\t\t\t\t\t\t<\/div>\n\t\t\t\t<\/div>\n\t\t\t\t\t<\/div>\n\t\t<\/div>\n\t\t\t\t\t<\/div>\n\t\t<\/section>\n\t\t\t\t\t<\/div>\n\t\t<\/div>\n\t\t\t\t\t<\/div>\n\t\t<\/section>\n\t\t\t\t<section class=\"elementor-section elementor-top-section elementor-element elementor-element-a8dbf32 elementor-section-boxed elementor-section-height-default elementor-section-height-default\" data-id=\"a8dbf32\" data-element_type=\"section\" data-e-type=\"section\" data-settings=\"{&quot;jet_parallax_layout_list&quot;:[]}\">\n\t\t\t\t\t\t<div class=\"elementor-container elementor-column-gap-default\">\n\t\t\t\t\t<div class=\"elementor-column elementor-col-100 elementor-top-column elementor-element elementor-element-6f0be15\" data-id=\"6f0be15\" data-element_type=\"column\" data-e-type=\"column\">\n\t\t\t<div class=\"elementor-widget-wrap elementor-element-populated\">\n\t\t\t\t\t\t<div class=\"elementor-element elementor-element-7e24177 elementor-widget-divider--view-line elementor-widget elementor-widget-divider\" data-id=\"7e24177\" data-element_type=\"widget\" data-e-type=\"widget\" data-widget_type=\"divider.default\">\n\t\t\t\t<div class=\"elementor-widget-container\">\n\t\t\t\t\t\t\t<div class=\"elementor-divider\">\n\t\t\t<span class=\"elementor-divider-separator\">\n\t\t\t\t\t\t<\/span>\n\t\t<\/div>\n\t\t\t\t\t\t<\/div>\n\t\t\t\t<\/div>\n\t\t\t\t\t<\/div>\n\t\t<\/div>\n\t\t\t\t\t<\/div>\n\t\t<\/section>\n\t\t\t\t<section class=\"elementor-section elementor-top-section elementor-element elementor-element-8723d29 elementor-section-boxed elementor-section-height-default elementor-section-height-default\" data-id=\"8723d29\" data-element_type=\"section\" data-e-type=\"section\" data-settings=\"{&quot;jet_parallax_layout_list&quot;:[]}\">\n\t\t\t\t\t\t<div class=\"elementor-container elementor-column-gap-default\">\n\t\t\t\t\t<div class=\"elementor-column elementor-col-100 elementor-top-column elementor-element elementor-element-85d1276\" data-id=\"85d1276\" data-element_type=\"column\" data-e-type=\"column\">\n\t\t\t<div class=\"elementor-widget-wrap elementor-element-populated\">\n\t\t\t\t\t\t<div class=\"elementor-element elementor-element-8af0151 elementor-widget elementor-widget-heading\" data-id=\"8af0151\" data-element_type=\"widget\" data-e-type=\"widget\" data-widget_type=\"heading.default\">\n\t\t\t\t<div class=\"elementor-widget-container\">\n\t\t\t\t\t<h2 class=\"elementor-heading-title elementor-size-default\">Simplified test procedure<\/h2>\t\t\t\t<\/div>\n\t\t\t\t<\/div>\n\t\t\t\t\t<\/div>\n\t\t<\/div>\n\t\t\t\t\t<\/div>\n\t\t<\/section>\n\t\t\t\t<section class=\"elementor-section elementor-top-section elementor-element elementor-element-e809a5d elementor-section-boxed elementor-section-height-default elementor-section-height-default\" data-id=\"e809a5d\" data-element_type=\"section\" data-e-type=\"section\" data-settings=\"{&quot;jet_parallax_layout_list&quot;:[]}\">\n\t\t\t\t\t\t<div class=\"elementor-container elementor-column-gap-default\">\n\t\t\t\t\t<div class=\"elementor-column elementor-col-100 elementor-top-column elementor-element elementor-element-b4bc264\" data-id=\"b4bc264\" data-element_type=\"column\" data-e-type=\"column\">\n\t\t\t<div class=\"elementor-widget-wrap elementor-element-populated\">\n\t\t\t\t\t\t<div class=\"elementor-element elementor-element-53ffd90 elementor-widget-divider--view-line elementor-widget elementor-widget-divider\" data-id=\"53ffd90\" data-element_type=\"widget\" data-e-type=\"widget\" data-widget_type=\"divider.default\">\n\t\t\t\t<div class=\"elementor-widget-container\">\n\t\t\t\t\t\t\t<div class=\"elementor-divider\">\n\t\t\t<span class=\"elementor-divider-separator\">\n\t\t\t\t\t\t<\/span>\n\t\t<\/div>\n\t\t\t\t\t\t<\/div>\n\t\t\t\t<\/div>\n\t\t\t\t\t<\/div>\n\t\t<\/div>\n\t\t\t\t\t<\/div>\n\t\t<\/section>\n\t\t\t\t<section class=\"elementor-section elementor-top-section elementor-element elementor-element-748af49 elementor-section-boxed elementor-section-height-default elementor-section-height-default\" data-id=\"748af49\" data-element_type=\"section\" data-e-type=\"section\" data-settings=\"{&quot;jet_parallax_layout_list&quot;:[]}\">\n\t\t\t\t\t\t<div class=\"elementor-container elementor-column-gap-default\">\n\t\t\t\t\t<div class=\"elementor-column elementor-col-100 elementor-top-column elementor-element elementor-element-7d29386\" data-id=\"7d29386\" data-element_type=\"column\" data-e-type=\"column\">\n\t\t\t<div class=\"elementor-widget-wrap elementor-element-populated\">\n\t\t\t\t\t\t<div class=\"elementor-element elementor-element-582426a elementor-widget elementor-widget-image\" data-id=\"582426a\" data-element_type=\"widget\" data-e-type=\"widget\" data-widget_type=\"image.default\">\n\t\t\t\t<div class=\"elementor-widget-container\">\n\t\t\t\t\t\t\t\t\t\t\t\t\t\t\t<img decoding=\"async\" width=\"1024\" height=\"717\" src=\"https:\/\/www.medisur.fr\/wp-content\/uploads\/2025\/06\/Multidrogue-salivaire-procedure-simplifiee-Entreprise--1024x717.png\" class=\"attachment-large size-large wp-image-22546\" alt=\"\" srcset=\"https:\/\/www.medisur.fr\/wp-content\/uploads\/2025\/06\/Multidrogue-salivaire-procedure-simplifiee-Entreprise--1024x717.png 1024w, https:\/\/www.medisur.fr\/wp-content\/uploads\/2025\/06\/Multidrogue-salivaire-procedure-simplifiee-Entreprise--300x210.png 300w, https:\/\/www.medisur.fr\/wp-content\/uploads\/2025\/06\/Multidrogue-salivaire-procedure-simplifiee-Entreprise--scaled-600x420.png 600w, https:\/\/www.medisur.fr\/wp-content\/uploads\/2025\/06\/Multidrogue-salivaire-procedure-simplifiee-Entreprise--768x538.png 768w, https:\/\/www.medisur.fr\/wp-content\/uploads\/2025\/06\/Multidrogue-salivaire-procedure-simplifiee-Entreprise--1536x1075.png 1536w, https:\/\/www.medisur.fr\/wp-content\/uploads\/2025\/06\/Multidrogue-salivaire-procedure-simplifiee-Entreprise--2048x1434.png 2048w, https:\/\/www.medisur.fr\/wp-content\/uploads\/2025\/06\/Multidrogue-salivaire-procedure-simplifiee-Entreprise--18x12.png 18w\" sizes=\"(max-width: 1024px) 100vw, 1024px\" \/>\t\t\t\t\t\t\t\t\t\t\t\t\t\t\t<\/div>\n\t\t\t\t<\/div>\n\t\t\t\t\t<\/div>\n\t\t<\/div>\n\t\t\t\t\t<\/div>\n\t\t<\/section>\n\t\t\t\t<\/div>","protected":false},"excerpt":{"rendered":"<p>Test Salivaire Multidrogues Le Test Salivaire Multidrogues est un outil rapide et pratique con\u00e7u pour d\u00e9tecter la pr\u00e9sence simultan\u00e9e de 6 classes de drogues dans la salive.\u00a0 Ce test est adapt\u00e9 \u00e0 diverses situations, notamment les d\u00e9pistages routiers, en entreprise, ou en milieu m\u00e9dical. Substances d\u00e9tect\u00e9es\u00a0: Cannabis Cannabis synth\u00e9tique K2* Amph\u00e9tamines M\u00e9thamph\u00e9tamines Opiac\u00e9s Coca\u00efne Caract\u00e9ristiques [&hellip;]<\/p>\n","protected":false},"author":420,"featured_media":0,"parent":0,"menu_order":0,"comment_status":"closed","ping_status":"closed","template":"","meta":{"_acf_changed":false,"footnotes":""},"class_list":["post-22147","page","type-page","status-publish","hentry"],"acf":[],"_links":{"self":[{"href":"https:\/\/www.medisur.fr\/en\/wp-json\/wp\/v2\/pages\/22147","targetHints":{"allow":["GET"]}}],"collection":[{"href":"https:\/\/www.medisur.fr\/en\/wp-json\/wp\/v2\/pages"}],"about":[{"href":"https:\/\/www.medisur.fr\/en\/wp-json\/wp\/v2\/types\/page"}],"author":[{"embeddable":true,"href":"https:\/\/www.medisur.fr\/en\/wp-json\/wp\/v2\/users\/420"}],"replies":[{"embeddable":true,"href":"https:\/\/www.medisur.fr\/en\/wp-json\/wp\/v2\/comments?post=22147"}],"version-history":[{"count":5,"href":"https:\/\/www.medisur.fr\/en\/wp-json\/wp\/v2\/pages\/22147\/revisions"}],"predecessor-version":[{"id":24982,"href":"https:\/\/www.medisur.fr\/en\/wp-json\/wp\/v2\/pages\/22147\/revisions\/24982"}],"wp:attachment":[{"href":"https:\/\/www.medisur.fr\/en\/wp-json\/wp\/v2\/media?parent=22147"}],"curies":[{"name":"wp","href":"https:\/\/api.w.org\/{rel}","templated":true}]}}