{"id":18971,"date":"2024-11-21T17:22:27","date_gmt":"2024-11-21T16:22:27","guid":{"rendered":"https:\/\/www.medisur.fr\/?page_id=18971"},"modified":"2024-12-12T11:07:48","modified_gmt":"2024-12-12T10:07:48","slug":"test-salivaire-multidrogues-et-alcool-easytestplus","status":"publish","type":"page","link":"https:\/\/www.medisur.fr\/en\/test-salivaire-multidrogues-et-alcool-easytestplus\/","title":{"rendered":"Multi-drug and alcohol saliva test \u2013 EASYTEST+"},"content":{"rendered":"<div data-elementor-type=\"wp-page\" data-elementor-id=\"18971\" class=\"elementor elementor-18971\" data-elementor-post-type=\"page\">\n\t\t\t\t\t\t<section class=\"elementor-section elementor-top-section elementor-element elementor-element-272a635 elementor-section-boxed elementor-section-height-default elementor-section-height-default\" data-id=\"272a635\" data-element_type=\"section\" data-e-type=\"section\" data-settings=\"{&quot;jet_parallax_layout_list&quot;:[]}\">\n\t\t\t\t\t\t<div class=\"elementor-container elementor-column-gap-default\">\n\t\t\t\t\t<div class=\"elementor-column elementor-col-100 elementor-top-column elementor-element elementor-element-f23c41c\" data-id=\"f23c41c\" data-element_type=\"column\" data-e-type=\"column\">\n\t\t\t<div class=\"elementor-widget-wrap elementor-element-populated\">\n\t\t\t\t\t\t<div class=\"elementor-element elementor-element-393b71d elementor-widget elementor-widget-woocommerce-breadcrumb\" data-id=\"393b71d\" data-element_type=\"widget\" data-e-type=\"widget\" data-widget_type=\"woocommerce-breadcrumb.default\">\n\t\t\t\t<div class=\"elementor-widget-container\">\n\t\t\t\t\t<nav class=\"woocommerce-breadcrumb\" aria-label=\"Breadcrumb\" data-no-translation=\"\" data-trp-gettext=\"\">Home<\/nav>\t\t\t\t<\/div>\n\t\t\t\t<\/div>\n\t\t\t\t<section class=\"elementor-section elementor-inner-section elementor-element elementor-element-a0efe2d elementor-section-boxed elementor-section-height-default elementor-section-height-default\" data-id=\"a0efe2d\" data-element_type=\"section\" data-e-type=\"section\" data-settings=\"{&quot;jet_parallax_layout_list&quot;:[]}\">\n\t\t\t\t\t\t<div class=\"elementor-container elementor-column-gap-default\">\n\t\t\t\t\t<div class=\"elementor-column elementor-col-50 elementor-inner-column elementor-element elementor-element-cf3584c\" data-id=\"cf3584c\" data-element_type=\"column\" data-e-type=\"column\">\n\t\t\t<div class=\"elementor-widget-wrap elementor-element-populated\">\n\t\t\t\t\t\t<div class=\"elementor-element elementor-element-0a57b28 elementor-arrows-position-inside elementor-pagination-position-outside elementor-widget elementor-widget-image-carousel\" data-id=\"0a57b28\" data-element_type=\"widget\" data-e-type=\"widget\" data-settings=\"{&quot;slides_to_show&quot;:&quot;1&quot;,&quot;navigation&quot;:&quot;both&quot;,&quot;autoplay&quot;:&quot;yes&quot;,&quot;pause_on_hover&quot;:&quot;yes&quot;,&quot;pause_on_interaction&quot;:&quot;yes&quot;,&quot;autoplay_speed&quot;:5000,&quot;infinite&quot;:&quot;yes&quot;,&quot;effect&quot;:&quot;slide&quot;,&quot;speed&quot;:500}\" data-widget_type=\"image-carousel.default\">\n\t\t\t\t<div class=\"elementor-widget-container\">\n\t\t\t\t\t\t\t<div class=\"elementor-image-carousel-wrapper swiper\" role=\"region\" aria-roledescription=\"carousel\" aria-label=\"Image Carousel\" dir=\"ltr\">\n\t\t\t<div class=\"elementor-image-carousel swiper-wrapper\" aria-live=\"off\">\n\t\t\t\t\t\t\t\t<div class=\"swiper-slide\" role=\"group\" aria-roledescription=\"slide\" aria-label=\"1 of 2\" data-no-translation-aria-label=\"\"><figure class=\"swiper-slide-inner\"><img decoding=\"async\" class=\"swiper-slide-image\" src=\"https:\/\/www.medisur.fr\/wp-content\/uploads\/2024\/11\/easytest-.png\" alt=\"easytest +\" \/><\/figure><\/div><div class=\"swiper-slide\" role=\"group\" aria-roledescription=\"slide\" aria-label=\"2 of 2\" data-no-translation-aria-label=\"\"><figure class=\"swiper-slide-inner\"><img decoding=\"async\" class=\"swiper-slide-image\" src=\"https:\/\/www.medisur.fr\/wp-content\/uploads\/2024\/11\/easytest-1.png\" alt=\"easytest + (1)\" \/><\/figure><\/div>\t\t\t<\/div>\n\t\t\t\t\t\t\t\t\t\t\t\t<div class=\"elementor-swiper-button elementor-swiper-button-prev\" role=\"button\" tabindex=\"0\">\n\t\t\t\t\t\t<i aria-hidden=\"true\" class=\"eicon-chevron-left\"><\/i>\t\t\t\t\t<\/div>\n\t\t\t\t\t<div class=\"elementor-swiper-button elementor-swiper-button-next\" role=\"button\" tabindex=\"0\">\n\t\t\t\t\t\t<i aria-hidden=\"true\" class=\"eicon-chevron-right\"><\/i>\t\t\t\t\t<\/div>\n\t\t\t\t\n\t\t\t\t\t\t\t\t\t<div class=\"swiper-pagination\"><\/div>\n\t\t\t\t\t\t\t\t\t<\/div>\n\t\t\t\t\t\t<\/div>\n\t\t\t\t<\/div>\n\t\t\t\t\t<\/div>\n\t\t<\/div>\n\t\t\t\t<div class=\"elementor-column elementor-col-50 elementor-inner-column elementor-element elementor-element-b381ff0\" data-id=\"b381ff0\" data-element_type=\"column\" data-e-type=\"column\">\n\t\t\t<div class=\"elementor-widget-wrap elementor-element-populated\">\n\t\t\t\t\t\t<div class=\"elementor-element elementor-element-858644c elementor-widget elementor-widget-heading\" data-id=\"858644c\" data-element_type=\"widget\" data-e-type=\"widget\" data-widget_type=\"heading.default\">\n\t\t\t\t<div class=\"elementor-widget-container\">\n\t\t\t\t\t<h2 class=\"elementor-heading-title elementor-size-default\">Multi-drug and alcohol saliva test<\/h2>\t\t\t\t<\/div>\n\t\t\t\t<\/div>\n\t\t\t\t<div class=\"elementor-element elementor-element-4df3cb3 elementor-widget__width-initial elementor-widget elementor-widget-text-editor\" data-id=\"4df3cb3\" data-element_type=\"widget\" data-e-type=\"widget\" data-widget_type=\"text-editor.default\">\n\t\t\t\t<div class=\"elementor-widget-container\">\n\t\t\t\t\t\t\t\t\t<p><span style=\"font-size: 1rem;\">The saliva test is a quick and convenient tool designed to detect the simultaneous presence of drugs and alcohol in saliva. This test is suitable for a variety of situations, including roadside screening, workplace screening, and medical screening.<\/span><\/p>\n<p><strong>Substances detected<\/strong> :<\/p>\n<ul>\n<li>Cannabis<\/li>\n<li>Cocaine<\/li>\n<li>Amphetamines<\/li>\n<li>Opiates<\/li>\n<li>Alcohol<\/li>\n<\/ul>\n<div><strong>Features :<\/strong><\/div>\n<ul>\n<li>Result in 1 minute<\/li>\n<li>THC15 detection threshold compliant with law enforcement (police and gendarmerie)<\/li>\n<li>Reliability at 97.8%<\/li>\n<li>Complies with the Council of State (CE n\u00b0394178 of 05\/12\/16)<\/li>\n<\/ul>\t\t\t\t\t\t\t\t<\/div>\n\t\t\t\t<\/div>\n\t\t\t\t\t<\/div>\n\t\t<\/div>\n\t\t\t\t\t<\/div>\n\t\t<\/section>\n\t\t\t\t\t<\/div>\n\t\t<\/div>\n\t\t\t\t\t<\/div>\n\t\t<\/section>\n\t\t\t\t<section class=\"elementor-section elementor-top-section elementor-element elementor-element-0a4f052 elementor-section-boxed elementor-section-height-default elementor-section-height-default\" data-id=\"0a4f052\" data-element_type=\"section\" data-e-type=\"section\" data-settings=\"{&quot;jet_parallax_layout_list&quot;:[]}\">\n\t\t\t\t\t\t<div class=\"elementor-container elementor-column-gap-default\">\n\t\t\t\t\t<div class=\"elementor-column elementor-col-100 elementor-top-column elementor-element elementor-element-5f7f56b\" data-id=\"5f7f56b\" data-element_type=\"column\" data-e-type=\"column\">\n\t\t\t<div class=\"elementor-widget-wrap elementor-element-populated\">\n\t\t\t\t\t\t<div class=\"elementor-element elementor-element-baf398c elementor-widget elementor-widget-text-editor\" data-id=\"baf398c\" data-element_type=\"widget\" data-e-type=\"widget\" data-widget_type=\"text-editor.default\">\n\t\t\t\t<div class=\"elementor-widget-container\">\n\t\t\t\t\t\t\t\t\t<p><span style=\"font-weight: bolder;\">Versions and detection thresholds:<\/span><\/p><div><p>The test is available in two versions, offering detection thresholds adapted to specific needs:<\/p><\/div>\t\t\t\t\t\t\t\t<\/div>\n\t\t\t\t<\/div>\n\t\t\t\t<section class=\"elementor-section elementor-inner-section elementor-element elementor-element-3c54450 elementor-section-boxed elementor-section-height-default elementor-section-height-default\" data-id=\"3c54450\" data-element_type=\"section\" data-e-type=\"section\" data-settings=\"{&quot;jet_parallax_layout_list&quot;:[]}\">\n\t\t\t\t\t\t<div class=\"elementor-container elementor-column-gap-default\">\n\t\t\t\t\t<div class=\"elementor-column elementor-col-50 elementor-inner-column elementor-element elementor-element-758d94e\" data-id=\"758d94e\" data-element_type=\"column\" data-e-type=\"column\">\n\t\t\t<div class=\"elementor-widget-wrap elementor-element-populated\">\n\t\t\t\t\t\t<div class=\"elementor-element elementor-element-507a748 elementor-widget elementor-widget-text-editor\" data-id=\"507a748\" data-element_type=\"widget\" data-e-type=\"widget\" data-widget_type=\"text-editor.default\">\n\t\t\t\t<div class=\"elementor-widget-container\">\n\t\t\t\t\t\t\t\t\t<p><span style=\"font-weight: bolder;\">Version 1:<\/span><\/p><ul style=\"margin-bottom: 0px;\"><li>Cannabis: 50 ng\/mL<\/li><li>Cocaine: 20 ng\/mL<\/li><li>Amphetamines: 50 ng\/mL<\/li><li>Opiates: 40 ng\/mL<\/li><li>Alcohol: Detects various blood alcohol levels<\/li><\/ul>\t\t\t\t\t\t\t\t<\/div>\n\t\t\t\t<\/div>\n\t\t\t\t\t<\/div>\n\t\t<\/div>\n\t\t\t\t<div class=\"elementor-column elementor-col-50 elementor-inner-column elementor-element elementor-element-e2e184d\" data-id=\"e2e184d\" data-element_type=\"column\" data-e-type=\"column\">\n\t\t\t<div class=\"elementor-widget-wrap elementor-element-populated\">\n\t\t\t\t\t\t<div class=\"elementor-element elementor-element-750c9fe elementor-widget elementor-widget-text-editor\" data-id=\"750c9fe\" data-element_type=\"widget\" data-e-type=\"widget\" data-widget_type=\"text-editor.default\">\n\t\t\t\t<div class=\"elementor-widget-container\">\n\t\t\t\t\t\t\t\t\t<p><strong>Version 2:<\/strong><\/p><ul><li>Cannabis: 15 ng\/mL<\/li><li>Cocaine: 10 ng\/mL<\/li><li>Amphetamines: 50 ng\/mL<\/li><li>Opiates: 10 ng\/mL<\/li><li>Alcohol: Detects various blood alcohol levels<\/li><\/ul>\t\t\t\t\t\t\t\t<\/div>\n\t\t\t\t<\/div>\n\t\t\t\t\t<\/div>\n\t\t<\/div>\n\t\t\t\t\t<\/div>\n\t\t<\/section>\n\t\t\t\t<div class=\"elementor-element elementor-element-262e03f elementor-widget elementor-widget-text-editor\" data-id=\"262e03f\" data-element_type=\"widget\" data-e-type=\"widget\" data-widget_type=\"text-editor.default\">\n\t\t\t\t<div class=\"elementor-widget-container\">\n\t\t\t\t\t\t\t\t\t<p><span style=\"font-weight: bolder;\">Versions and detection thresholds:<\/span><\/p>\n<div>\n<p>The test is available in two versions, offering detection thresholds adapted to specific needs:<\/p>\n<\/div>\t\t\t\t\t\t\t\t<\/div>\n\t\t\t\t<\/div>\n\t\t\t\t<div class=\"elementor-element elementor-element-68bbc02 elementor-widget elementor-widget-text-editor\" data-id=\"68bbc02\" data-element_type=\"widget\" data-e-type=\"widget\" data-widget_type=\"text-editor.default\">\n\t\t\t\t<div class=\"elementor-widget-container\">\n\t\t\t\t\t\t\t\t\t<p><span style=\"font-weight: bolder;\">Guaranteed compliance<\/span><span style=\"font-weight: bolder;\">:<\/span><\/p>\n<div>\n<ul>\n<li><span class=\"OYPEnA font-feature-liga-off font-feature-clig-off font-feature-calt-off text-decoration-none text-strikethrough-none\">Certified compliant with the Council of State (CE N\u00b0394178 of 05\/12\/16) and the decree of 13\/12\/16 setting out the procedures for screening substances.<\/span><\/li>\n<li><span class=\"OYPEnA font-feature-liga-off font-feature-clig-off font-feature-calt-off text-decoration-none text-strikethrough-none\">Complete confidentiality: no visible match of the drugs tested.<\/span><\/li>\n<\/ul>\n<\/div>\t\t\t\t\t\t\t\t<\/div>\n\t\t\t\t<\/div>\n\t\t\t\t<div class=\"elementor-element elementor-element-bdc288e elementor-widget elementor-widget-heading\" data-id=\"bdc288e\" data-element_type=\"widget\" data-e-type=\"widget\" data-widget_type=\"heading.default\">\n\t\t\t\t<div class=\"elementor-widget-container\">\n\t\t\t\t\t<h2 class=\"elementor-heading-title elementor-size-default\">Download the instructions<\/h2>\t\t\t\t<\/div>\n\t\t\t\t<\/div>\n\t\t\t\t<div class=\"elementor-element elementor-element-63491b2 elementor-widget elementor-widget-text-editor\" data-id=\"63491b2\" data-element_type=\"widget\" data-e-type=\"widget\" data-widget_type=\"text-editor.default\">\n\t\t\t\t<div class=\"elementor-widget-container\">\n\t\t\t\t\t\t\t\t\t<p>To download the instructions, please click on the link corresponding to the desired version:<\/p>\t\t\t\t\t\t\t\t<\/div>\n\t\t\t\t<\/div>\n\t\t\t\t<section class=\"elementor-section elementor-inner-section elementor-element elementor-element-de96293 elementor-section-boxed elementor-section-height-default elementor-section-height-default\" data-id=\"de96293\" data-element_type=\"section\" data-e-type=\"section\" data-settings=\"{&quot;jet_parallax_layout_list&quot;:[]}\">\n\t\t\t\t\t\t<div class=\"elementor-container elementor-column-gap-default\">\n\t\t\t\t\t<div class=\"elementor-column elementor-col-50 elementor-inner-column elementor-element elementor-element-7fe1e8c\" data-id=\"7fe1e8c\" data-element_type=\"column\" data-e-type=\"column\">\n\t\t\t<div class=\"elementor-widget-wrap elementor-element-populated\">\n\t\t\t\t\t\t<div class=\"elementor-element elementor-element-9407706 elementor-widget elementor-widget-text-editor\" data-id=\"9407706\" data-element_type=\"widget\" data-e-type=\"widget\" data-widget_type=\"text-editor.default\">\n\t\t\t\t<div class=\"elementor-widget-container\">\n\t\t\t\t\t\t\t\t\t<p><span style=\"font-weight: bolder;\">Version 1:<\/span><\/p><ul style=\"margin-bottom: 0px;\"><li><a  data-e-disable-page-transition=\"true\" class=\"download-link\" title=\"\" href=\"https:\/\/www.medisur.fr\/en\/download\/19028\/?tmstv=1777620678\" rel=\"nofollow\" id=\"download-link-19028\" data-redirect=\"false\" >\n\tEASYTEST+  THC15 COC10 AMP50 OPI10\t(2532 downloads\t)\n<\/a>\n<\/li><\/ul>\t\t\t\t\t\t\t\t<\/div>\n\t\t\t\t<\/div>\n\t\t\t\t\t<\/div>\n\t\t<\/div>\n\t\t\t\t<div class=\"elementor-column elementor-col-50 elementor-inner-column elementor-element elementor-element-b093a2b\" data-id=\"b093a2b\" data-element_type=\"column\" data-e-type=\"column\">\n\t\t\t<div class=\"elementor-widget-wrap elementor-element-populated\">\n\t\t\t\t\t\t<div class=\"elementor-element elementor-element-646a348 elementor-widget elementor-widget-text-editor\" data-id=\"646a348\" data-element_type=\"widget\" data-e-type=\"widget\" data-widget_type=\"text-editor.default\">\n\t\t\t\t<div class=\"elementor-widget-container\">\n\t\t\t\t\t\t\t\t\t<p><strong>Version 2:<\/strong><\/p><ul><li><a  data-e-disable-page-transition=\"true\" class=\"download-link\" title=\"\" href=\"https:\/\/www.medisur.fr\/en\/download\/19032\/?tmstv=1777620678\" rel=\"nofollow\" id=\"download-link-19032\" data-redirect=\"false\" >\n\tEASYTEST+ THC50 COC20 AMP50 OPI40\t(2650 downloads\t)\n<\/a>\n<\/li><\/ul>\t\t\t\t\t\t\t\t<\/div>\n\t\t\t\t<\/div>\n\t\t\t\t\t<\/div>\n\t\t<\/div>\n\t\t\t\t\t<\/div>\n\t\t<\/section>\n\t\t\t\t<div class=\"elementor-element elementor-element-d033e10 elementor-widget-divider--view-line elementor-widget elementor-widget-divider\" data-id=\"d033e10\" data-element_type=\"widget\" data-e-type=\"widget\" data-widget_type=\"divider.default\">\n\t\t\t\t<div class=\"elementor-widget-container\">\n\t\t\t\t\t\t\t<div class=\"elementor-divider\">\n\t\t\t<span class=\"elementor-divider-separator\">\n\t\t\t\t\t\t<\/span>\n\t\t<\/div>\n\t\t\t\t\t\t<\/div>\n\t\t\t\t<\/div>\n\t\t\t\t<div class=\"elementor-element elementor-element-e3616d6 elementor-widget elementor-widget-heading\" data-id=\"e3616d6\" data-element_type=\"widget\" data-e-type=\"widget\" data-widget_type=\"heading.default\">\n\t\t\t\t<div class=\"elementor-widget-container\">\n\t\t\t\t\t<h2 class=\"elementor-heading-title elementor-size-default\">Quick procedure<\/h2>\t\t\t\t<\/div>\n\t\t\t\t<\/div>\n\t\t\t\t<div class=\"elementor-element elementor-element-a405f1f elementor-widget-divider--view-line elementor-widget elementor-widget-divider\" data-id=\"a405f1f\" data-element_type=\"widget\" data-e-type=\"widget\" data-widget_type=\"divider.default\">\n\t\t\t\t<div class=\"elementor-widget-container\">\n\t\t\t\t\t\t\t<div class=\"elementor-divider\">\n\t\t\t<span class=\"elementor-divider-separator\">\n\t\t\t\t\t\t<\/span>\n\t\t<\/div>\n\t\t\t\t\t\t<\/div>\n\t\t\t\t<\/div>\n\t\t\t\t\t<\/div>\n\t\t<\/div>\n\t\t\t\t\t<\/div>\n\t\t<\/section>\n\t\t\t\t<section class=\"elementor-section elementor-top-section elementor-element elementor-element-07625a0 elementor-section-boxed elementor-section-height-default elementor-section-height-default\" data-id=\"07625a0\" data-element_type=\"section\" data-e-type=\"section\" data-settings=\"{&quot;jet_parallax_layout_list&quot;:[]}\">\n\t\t\t\t\t\t<div class=\"elementor-container elementor-column-gap-default\">\n\t\t\t\t\t<div class=\"elementor-column elementor-col-100 elementor-top-column elementor-element elementor-element-8ed0e0a\" data-id=\"8ed0e0a\" data-element_type=\"column\" data-e-type=\"column\">\n\t\t\t<div class=\"elementor-widget-wrap elementor-element-populated\">\n\t\t\t\t\t\t<div class=\"elementor-element elementor-element-903e711 elementor-widget elementor-widget-image\" data-id=\"903e711\" data-element_type=\"widget\" data-e-type=\"widget\" data-widget_type=\"image.default\">\n\t\t\t\t<div class=\"elementor-widget-container\">\n\t\t\t\t\t\t\t\t\t\t\t\t\t\t\t<img fetchpriority=\"high\" decoding=\"async\" width=\"1024\" height=\"717\" src=\"https:\/\/www.medisur.fr\/wp-content\/uploads\/2024\/12\/Procedure-simplifiee-test-MD-et-Alcool-Biotest-1024x717.png\" class=\"attachment-large size-large wp-image-19062\" alt=\"\" srcset=\"https:\/\/www.medisur.fr\/wp-content\/uploads\/2024\/12\/Procedure-simplifiee-test-MD-et-Alcool-Biotest-1024x717.png 1024w, https:\/\/www.medisur.fr\/wp-content\/uploads\/2024\/12\/Procedure-simplifiee-test-MD-et-Alcool-Biotest-300x210.png 300w, https:\/\/www.medisur.fr\/wp-content\/uploads\/2024\/12\/Procedure-simplifiee-test-MD-et-Alcool-Biotest-scaled-600x420.png 600w, https:\/\/www.medisur.fr\/wp-content\/uploads\/2024\/12\/Procedure-simplifiee-test-MD-et-Alcool-Biotest-768x538.png 768w, https:\/\/www.medisur.fr\/wp-content\/uploads\/2024\/12\/Procedure-simplifiee-test-MD-et-Alcool-Biotest-1536x1075.png 1536w\" sizes=\"(max-width: 1024px) 100vw, 1024px\" \/>\t\t\t\t\t\t\t\t\t\t\t\t\t\t\t<\/div>\n\t\t\t\t<\/div>\n\t\t\t\t\t<\/div>\n\t\t<\/div>\n\t\t\t\t\t<\/div>\n\t\t<\/section>\n\t\t\t\t<\/div>","protected":false},"excerpt":{"rendered":"<p>Test salivaire multidrogues et alcool Le test salivaire est un outil rapide et pratique con\u00e7u pour d\u00e9tecter la la pr\u00e9sence simultan\u00e9e de drogues et d&#8217;alcool dans la salive.\u00a0 Ce test est adapt\u00e9 \u00e0 diverses situations, notamment les d\u00e9pistages routiers, en entreprise, ou en milieu m\u00e9dical. Substances d\u00e9tect\u00e9es : Cannabis Coca\u00efne Amph\u00e9tamines Opiac\u00e9s Alcool Caract\u00e9ristiques : [&hellip;]<\/p>\n","protected":false},"author":420,"featured_media":0,"parent":0,"menu_order":0,"comment_status":"closed","ping_status":"closed","template":"","meta":{"_acf_changed":false,"footnotes":""},"class_list":["post-18971","page","type-page","status-publish","hentry"],"acf":[],"_links":{"self":[{"href":"https:\/\/www.medisur.fr\/en\/wp-json\/wp\/v2\/pages\/18971","targetHints":{"allow":["GET"]}}],"collection":[{"href":"https:\/\/www.medisur.fr\/en\/wp-json\/wp\/v2\/pages"}],"about":[{"href":"https:\/\/www.medisur.fr\/en\/wp-json\/wp\/v2\/types\/page"}],"author":[{"embeddable":true,"href":"https:\/\/www.medisur.fr\/en\/wp-json\/wp\/v2\/users\/420"}],"replies":[{"embeddable":true,"href":"https:\/\/www.medisur.fr\/en\/wp-json\/wp\/v2\/comments?post=18971"}],"version-history":[{"count":1,"href":"https:\/\/www.medisur.fr\/en\/wp-json\/wp\/v2\/pages\/18971\/revisions"}],"predecessor-version":[{"id":22818,"href":"https:\/\/www.medisur.fr\/en\/wp-json\/wp\/v2\/pages\/18971\/revisions\/22818"}],"wp:attachment":[{"href":"https:\/\/www.medisur.fr\/en\/wp-json\/wp\/v2\/media?parent=18971"}],"curies":[{"name":"wp","href":"https:\/\/api.w.org\/{rel}","templated":true}]}}