{"id":18789,"date":"2024-09-12T15:13:52","date_gmt":"2024-09-12T13:13:52","guid":{"rendered":"https:\/\/www.medisur.fr\/?page_id=18789"},"modified":"2024-09-12T15:23:20","modified_gmt":"2024-09-12T13:23:20","slug":"contre-expertise","status":"publish","type":"page","link":"https:\/\/www.medisur.fr\/en\/contre-expertise\/","title":{"rendered":"Counter-expertise"},"content":{"rendered":"<div data-elementor-type=\"wp-page\" data-elementor-id=\"18789\" class=\"elementor elementor-18789\" data-elementor-post-type=\"page\">\n\t\t\t\t\t\t<section class=\"elementor-section elementor-top-section elementor-element elementor-element-34f7501 elementor-section-boxed elementor-section-height-default elementor-section-height-default\" data-id=\"34f7501\" data-element_type=\"section\" data-e-type=\"section\" data-settings=\"{&quot;jet_parallax_layout_list&quot;:[]}\">\n\t\t\t\t\t\t<div class=\"elementor-container elementor-column-gap-default\">\n\t\t\t\t\t<div class=\"elementor-column elementor-col-100 elementor-top-column elementor-element elementor-element-89844ec\" data-id=\"89844ec\" data-element_type=\"column\" data-e-type=\"column\">\n\t\t\t<div class=\"elementor-widget-wrap elementor-element-populated\">\n\t\t\t\t\t\t<div class=\"elementor-element elementor-element-2edc1e1 elementor-widget elementor-widget-woocommerce-breadcrumb\" data-id=\"2edc1e1\" data-element_type=\"widget\" data-e-type=\"widget\" data-widget_type=\"woocommerce-breadcrumb.default\">\n\t\t\t\t<div class=\"elementor-widget-container\">\n\t\t\t\t\t<nav class=\"woocommerce-breadcrumb\" aria-label=\"Breadcrumb\" data-no-translation=\"\" data-trp-gettext=\"\">Home<\/nav>\t\t\t\t<\/div>\n\t\t\t\t<\/div>\n\t\t\t\t<section class=\"elementor-section elementor-inner-section elementor-element elementor-element-47ba8cc elementor-section-boxed elementor-section-height-default elementor-section-height-default\" data-id=\"47ba8cc\" data-element_type=\"section\" data-e-type=\"section\" data-settings=\"{&quot;jet_parallax_layout_list&quot;:[]}\">\n\t\t\t\t\t\t<div class=\"elementor-container elementor-column-gap-default\">\n\t\t\t\t\t<div class=\"elementor-column elementor-col-50 elementor-inner-column elementor-element elementor-element-c7c7c4e\" data-id=\"c7c7c4e\" data-element_type=\"column\" data-e-type=\"column\">\n\t\t\t<div class=\"elementor-widget-wrap elementor-element-populated\">\n\t\t\t\t\t\t<div class=\"elementor-element elementor-element-ba34394 elementor-widget elementor-widget-image\" data-id=\"ba34394\" data-element_type=\"widget\" data-e-type=\"widget\" data-widget_type=\"image.default\">\n\t\t\t\t<div class=\"elementor-widget-container\">\n\t\t\t\t\t\t\t\t\t\t\t\t\t\t\t<img fetchpriority=\"high\" decoding=\"async\" width=\"300\" height=\"300\" src=\"https:\/\/www.medisur.fr\/wp-content\/uploads\/2024\/09\/page-contre-expertise-fond-blanc.png\" class=\"attachment-large size-large wp-image-18792\" alt=\"\" srcset=\"https:\/\/www.medisur.fr\/wp-content\/uploads\/2024\/09\/page-contre-expertise-fond-blanc.png 300w, https:\/\/www.medisur.fr\/wp-content\/uploads\/2024\/09\/page-contre-expertise-fond-blanc-100x100.png 100w, https:\/\/www.medisur.fr\/wp-content\/uploads\/2024\/09\/page-contre-expertise-fond-blanc-150x150.png 150w, https:\/\/www.medisur.fr\/wp-content\/uploads\/2024\/09\/page-contre-expertise-fond-blanc-12x12.png 12w\" sizes=\"(max-width: 300px) 100vw, 300px\" \/>\t\t\t\t\t\t\t\t\t\t\t\t\t\t\t<\/div>\n\t\t\t\t<\/div>\n\t\t\t\t\t<\/div>\n\t\t<\/div>\n\t\t\t\t<div class=\"elementor-column elementor-col-50 elementor-inner-column elementor-element elementor-element-36f454a\" data-id=\"36f454a\" data-element_type=\"column\" data-e-type=\"column\">\n\t\t\t<div class=\"elementor-widget-wrap elementor-element-populated\">\n\t\t\t\t\t\t<div class=\"elementor-element elementor-element-f7344a8 elementor-widget elementor-widget-heading\" data-id=\"f7344a8\" data-element_type=\"widget\" data-e-type=\"widget\" data-widget_type=\"heading.default\">\n\t\t\t\t<div class=\"elementor-widget-container\">\n\t\t\t\t\t<h2 class=\"elementor-heading-title elementor-size-default\">Counter-expertise<\/h2>\t\t\t\t<\/div>\n\t\t\t\t<\/div>\n\t\t\t\t<div class=\"elementor-element elementor-element-85b6839 elementor-widget elementor-widget-text-editor\" data-id=\"85b6839\" data-element_type=\"widget\" data-e-type=\"widget\" data-widget_type=\"text-editor.default\">\n\t\t\t\t<div class=\"elementor-widget-container\">\n\t\t\t\t\t\t\t\t\t<p>In the case of a positive saliva screening test, the counter-expertise kit allows a saliva sample to be sent to a laboratory for further analysis.<\/p><p><strong>Kit contents:<\/strong><\/p><ul><li>1 saliva swab<\/li><li>1 sealed envelope for confidentiality<\/li><li>2 film bags to collect the samples<\/li><li>1 simplified procedure to read before use<\/li><li>1 form to be completed<\/li><li>1 follow-up letter<\/li><\/ul><div>Download the complete procedure:<br \/><a  data-e-disable-page-transition=\"true\" class=\"download-link\" title=\"Expertise version v.2024_04\" href=\"https:\/\/www.medisur.fr\/en\/download\/18797\/?tmstv=1777929707\" rel=\"nofollow\" id=\"download-link-18797\" data-redirect=\"false\" >\n\tProc\u00e9dure contre-expertise\t(2954 downloads\t)\n<\/a>\n<\/div>\t\t\t\t\t\t\t\t<\/div>\n\t\t\t\t<\/div>\n\t\t\t\t\t<\/div>\n\t\t<\/div>\n\t\t\t\t\t<\/div>\n\t\t<\/section>\n\t\t\t\t\t<\/div>\n\t\t<\/div>\n\t\t\t\t\t<\/div>\n\t\t<\/section>\n\t\t\t\t<section class=\"elementor-section elementor-top-section elementor-element elementor-element-bbd6eb2 elementor-section-boxed elementor-section-height-default elementor-section-height-default\" data-id=\"bbd6eb2\" data-element_type=\"section\" data-e-type=\"section\" data-settings=\"{&quot;jet_parallax_layout_list&quot;:[]}\">\n\t\t\t\t\t\t<div class=\"elementor-container elementor-column-gap-default\">\n\t\t\t\t\t<div class=\"elementor-column elementor-col-100 elementor-top-column elementor-element elementor-element-c5968a1\" data-id=\"c5968a1\" data-element_type=\"column\" data-e-type=\"column\">\n\t\t\t<div class=\"elementor-widget-wrap elementor-element-populated\">\n\t\t\t\t\t\t<div class=\"elementor-element elementor-element-3911024 elementor-widget elementor-widget-image\" data-id=\"3911024\" data-element_type=\"widget\" data-e-type=\"widget\" data-widget_type=\"image.default\">\n\t\t\t\t<div class=\"elementor-widget-container\">\n\t\t\t\t\t\t\t\t\t\t\t\t\t\t\t<img decoding=\"async\" width=\"1448\" height=\"2048\" src=\"https:\/\/www.medisur.fr\/wp-content\/uploads\/2024\/09\/Processus-contre-expertise-V.2024_04-1448x2048.png\" class=\"attachment-2048x2048 size-2048x2048 wp-image-18802\" alt=\"\" srcset=\"https:\/\/www.medisur.fr\/wp-content\/uploads\/2024\/09\/Processus-contre-expertise-V.2024_04-1448x2048.png 1448w, https:\/\/www.medisur.fr\/wp-content\/uploads\/2024\/09\/Processus-contre-expertise-V.2024_04-300x424.png 300w, https:\/\/www.medisur.fr\/wp-content\/uploads\/2024\/09\/Processus-contre-expertise-V.2024_04-600x849.png 600w, https:\/\/www.medisur.fr\/wp-content\/uploads\/2024\/09\/Processus-contre-expertise-V.2024_04-212x300.png 212w, https:\/\/www.medisur.fr\/wp-content\/uploads\/2024\/09\/Processus-contre-expertise-V.2024_04-724x1024.png 724w, https:\/\/www.medisur.fr\/wp-content\/uploads\/2024\/09\/Processus-contre-expertise-V.2024_04-768x1086.png 768w, https:\/\/www.medisur.fr\/wp-content\/uploads\/2024\/09\/Processus-contre-expertise-V.2024_04-1086x1536.png 1086w, https:\/\/www.medisur.fr\/wp-content\/uploads\/2024\/09\/Processus-contre-expertise-V.2024_04-8x12.png 8w, https:\/\/www.medisur.fr\/wp-content\/uploads\/2024\/09\/Processus-contre-expertise-V.2024_04-scaled.png 1810w\" sizes=\"(max-width: 1448px) 100vw, 1448px\" \/>\t\t\t\t\t\t\t\t\t\t\t\t\t\t\t<\/div>\n\t\t\t\t<\/div>\n\t\t\t\t\t<\/div>\n\t\t<\/div>\n\t\t\t\t\t<\/div>\n\t\t<\/section>\n\t\t\t\t<\/div>","protected":false},"excerpt":{"rendered":"<p>Contre-expertise Dans le cas d&#8217;un test salivaire de d\u00e9pistage positif, le kit de contre-expertise permet d&#8217;envoyer un \u00e9chantillon salivaire \u00e0 un laboratoire pour une analyse compl\u00e9mentaire. Contenu du kit: 1 \u00e9couvillon salivaire 1 enveloppe scell\u00e9 pour la confidentialit\u00e9 2 sachets film pour r\u00e9cup\u00e9rer les \u00e9chantillons 1 proc\u00e9dure simplifi\u00e9e \u00e0 lire avant utilisation 1 formulaire \u00e0 [&hellip;]<\/p>\n","protected":false},"author":420,"featured_media":0,"parent":0,"menu_order":0,"comment_status":"closed","ping_status":"closed","template":"","meta":{"_acf_changed":false,"footnotes":""},"class_list":["post-18789","page","type-page","status-publish","hentry"],"acf":[],"_links":{"self":[{"href":"https:\/\/www.medisur.fr\/en\/wp-json\/wp\/v2\/pages\/18789","targetHints":{"allow":["GET"]}}],"collection":[{"href":"https:\/\/www.medisur.fr\/en\/wp-json\/wp\/v2\/pages"}],"about":[{"href":"https:\/\/www.medisur.fr\/en\/wp-json\/wp\/v2\/types\/page"}],"author":[{"embeddable":true,"href":"https:\/\/www.medisur.fr\/en\/wp-json\/wp\/v2\/users\/420"}],"replies":[{"embeddable":true,"href":"https:\/\/www.medisur.fr\/en\/wp-json\/wp\/v2\/comments?post=18789"}],"version-history":[{"count":0,"href":"https:\/\/www.medisur.fr\/en\/wp-json\/wp\/v2\/pages\/18789\/revisions"}],"wp:attachment":[{"href":"https:\/\/www.medisur.fr\/en\/wp-json\/wp\/v2\/media?parent=18789"}],"curies":[{"name":"wp","href":"https:\/\/api.w.org\/{rel}","templated":true}]}}