{"id":123,"date":"2020-04-12T14:34:16","date_gmt":"2020-04-12T14:34:16","guid":{"rendered":"https:\/\/jupiterx.artbees.net\/internet-company\/?page_id=123"},"modified":"2025-01-31T14:28:00","modified_gmt":"2025-01-31T13:28:00","slug":"blog","status":"publish","type":"page","link":"https:\/\/www.medisur.fr\/en\/blog\/","title":{"rendered":"Blog"},"content":{"rendered":"<div data-elementor-type=\"wp-page\" data-elementor-id=\"123\" class=\"elementor elementor-123\" data-elementor-post-type=\"page\">\n\t\t\t\t\t\t<section class=\"elementor-section elementor-top-section elementor-element elementor-element-454e66d elementor-section-boxed elementor-section-height-default elementor-section-height-default\" data-id=\"454e66d\" data-element_type=\"section\" data-e-type=\"section\" data-settings=\"{&quot;jet_parallax_layout_list&quot;:[]}\">\n\t\t\t\t\t\t<div class=\"elementor-container elementor-column-gap-default\">\n\t\t\t\t\t<div class=\"elementor-column elementor-col-100 elementor-top-column elementor-element elementor-element-2b639ef\" data-id=\"2b639ef\" data-element_type=\"column\" data-e-type=\"column\">\n\t\t\t<div class=\"elementor-widget-wrap elementor-element-populated\">\n\t\t\t\t\t\t<div class=\"elementor-element elementor-element-fee5d78 elementor-search-form--skin-minimal elementor-widget elementor-widget-search-form\" data-id=\"fee5d78\" data-element_type=\"widget\" data-e-type=\"widget\" data-settings=\"{&quot;skin&quot;:&quot;minimal&quot;}\" data-widget_type=\"search-form.default\">\n\t\t\t\t<div class=\"elementor-widget-container\">\n\t\t\t\t\t\t\t<search role=\"search\">\n\t\t\t<form class=\"elementor-search-form\" action=\"https:\/\/www.medisur.fr\/en\/\" method=\"get\" data-trp-original-action=\"https:\/\/www.medisur.fr\/en\">\n\t\t\t\t\t\t\t\t\t\t\t\t<div class=\"elementor-search-form__container\">\n\t\t\t\t\t<label class=\"elementor-screen-only\" for=\"elementor-search-form-fee5d78\">Search<\/label>\n\n\t\t\t\t\t\t\t\t\t\t\t<div class=\"elementor-search-form__icon\">\n\t\t\t\t\t\t\t<i aria-hidden=\"true\" class=\"fas fa-search\"><\/i>\t\t\t\t\t\t\t<span class=\"elementor-screen-only\">Search<\/span>\n\t\t\t\t\t\t<\/div>\n\t\t\t\t\t\n\t\t\t\t\t<input id=\"elementor-search-form-fee5d78\" placeholder=\"To research....\" class=\"elementor-search-form__input\" type=\"search\" name=\"s\" value=\"\">\n\t\t\t\t\t\n\t\t\t\t\t\n\t\t\t\t\t\t\t\t\t<\/div>\n\t\t\t<input type=\"hidden\" name=\"trp-form-language\" value=\"en\"\/><\/form>\n\t\t<\/search>\n\t\t\t\t\t\t<\/div>\n\t\t\t\t<\/div>\n\t\t\t\t<div class=\"elementor-element elementor-element-1d4a10a elementor-grid-3 elementor-grid-tablet-2 elementor-grid-mobile-1 elementor-posts--thumbnail-top elementor-card-shadow-yes elementor-posts__hover-gradient elementor-widget elementor-widget-posts\" data-id=\"1d4a10a\" data-element_type=\"widget\" data-e-type=\"widget\" data-settings=\"{&quot;pagination_type&quot;:&quot;load_more_infinite_scroll&quot;,&quot;cards_columns&quot;:&quot;3&quot;,&quot;cards_columns_tablet&quot;:&quot;2&quot;,&quot;cards_columns_mobile&quot;:&quot;1&quot;,&quot;cards_row_gap&quot;:{&quot;unit&quot;:&quot;px&quot;,&quot;size&quot;:35,&quot;sizes&quot;:[]},&quot;cards_row_gap_tablet&quot;:{&quot;unit&quot;:&quot;px&quot;,&quot;size&quot;:&quot;&quot;,&quot;sizes&quot;:[]},&quot;cards_row_gap_mobile&quot;:{&quot;unit&quot;:&quot;px&quot;,&quot;size&quot;:&quot;&quot;,&quot;sizes&quot;:[]},&quot;load_more_spinner&quot;:{&quot;value&quot;:&quot;fas fa-spinner&quot;,&quot;library&quot;:&quot;fa-solid&quot;}}\" data-widget_type=\"posts.cards\">\n\t\t\t\t<div class=\"elementor-widget-container\">\n\t\t\t\t\t\t\t<div class=\"elementor-posts-container elementor-posts elementor-posts--skin-cards elementor-grid\" role=\"list\">\n\t\t\t\t<article class=\"elementor-post elementor-grid-item post-25282 post type-post status-publish format-standard has-post-thumbnail hentry category-sante_travail category-sante_securite\" role=\"listitem\">\n\t\t\t<div class=\"elementor-post__card\">\n\t\t\t\t<a class=\"elementor-post__thumbnail__link\" href=\"https:\/\/www.medisur.fr\/en\/semaine-qvct-2026-guide-organiser\/\" tabindex=\"-1\" ><div class=\"elementor-post__thumbnail\"><img decoding=\"async\" width=\"300\" height=\"164\" src=\"https:\/\/www.medisur.fr\/wp-content\/uploads\/2026\/04\/Gemini_Generated_Image_8hxsx78hxsx78hxs-300x164.png\" class=\"attachment-medium size-medium wp-image-25283\" alt=\"\" srcset=\"https:\/\/www.medisur.fr\/wp-content\/uploads\/2026\/04\/Gemini_Generated_Image_8hxsx78hxsx78hxs-300x164.png 300w, https:\/\/www.medisur.fr\/wp-content\/uploads\/2026\/04\/Gemini_Generated_Image_8hxsx78hxsx78hxs-1024x559.png 1024w, https:\/\/www.medisur.fr\/wp-content\/uploads\/2026\/04\/Gemini_Generated_Image_8hxsx78hxsx78hxs-768x419.png 768w, https:\/\/www.medisur.fr\/wp-content\/uploads\/2026\/04\/Gemini_Generated_Image_8hxsx78hxsx78hxs-1536x838.png 1536w, https:\/\/www.medisur.fr\/wp-content\/uploads\/2026\/04\/Gemini_Generated_Image_8hxsx78hxsx78hxs-2048x1117.png 2048w, https:\/\/www.medisur.fr\/wp-content\/uploads\/2026\/04\/Gemini_Generated_Image_8hxsx78hxsx78hxs-18x10.png 18w, https:\/\/www.medisur.fr\/wp-content\/uploads\/2026\/04\/Gemini_Generated_Image_8hxsx78hxsx78hxs-1320x720.png 1320w, https:\/\/www.medisur.fr\/wp-content\/uploads\/2026\/04\/Gemini_Generated_Image_8hxsx78hxsx78hxs-600x327.png 600w\" sizes=\"(max-width: 300px) 100vw, 300px\" \/><\/div><\/a>\n\t\t\t\t<div class=\"elementor-post__badge\">Health at work<\/div>\n\t\t\t\t<div class=\"elementor-post__text\">\n\t\t\t\t<h3 class=\"elementor-post__title\">\n\t\t\t<a href=\"https:\/\/www.medisur.fr\/en\/semaine-qvct-2026-guide-organiser\/\" >\n\t\t\t\tQVCT Week 2026: your action plan from A to Z!\t\t\t<\/a>\n\t\t<\/h3>\n\t\t\t\t<div class=\"elementor-post__excerpt\">\n\t\t\t<p>QVCT Week 2026: The Complete Guide to Organizing an Impactful Week | Medisur Practical Guide QVCT 2026 QVCT Week 2026: the<\/p>\n\t\t<\/div>\n\t\t\t\t\t<div class=\"elementor-post__read-more-wrapper\">\n\t\t\n\t\t<a class=\"elementor-post__read-more\" href=\"https:\/\/www.medisur.fr\/en\/semaine-qvct-2026-guide-organiser\/\" aria-label=\"Read more about QWL Week 2026: your action plan from A to Z!\" tabindex=\"-1\" >\n\t\t\tRead more \u00bb\t\t<\/a>\n\n\t\t\t\t\t<\/div>\n\t\t\t\t<\/div>\n\t\t\t\t\t<\/div>\n\t\t<\/article>\n\t\t\t\t<article class=\"elementor-post elementor-grid-item post-25267 post type-post status-publish format-standard has-post-thumbnail hentry category-sante_mentale tag-bien-etre tag-prevention tag-qvt tag-sante\" role=\"listitem\">\n\t\t\t<div class=\"elementor-post__card\">\n\t\t\t\t<a class=\"elementor-post__thumbnail__link\" href=\"https:\/\/www.medisur.fr\/en\/sante-mentale-entreprise-burn-out-rps\/\" tabindex=\"-1\" ><div class=\"elementor-post__thumbnail\"><img fetchpriority=\"high\" decoding=\"async\" width=\"300\" height=\"200\" src=\"https:\/\/www.medisur.fr\/wp-content\/uploads\/2026\/04\/pexels-anthonyshkraba-production-8278873-300x200.jpg\" class=\"attachment-medium size-medium wp-image-25268\" alt=\"\" srcset=\"https:\/\/www.medisur.fr\/wp-content\/uploads\/2026\/04\/pexels-anthonyshkraba-production-8278873-300x200.jpg 300w, https:\/\/www.medisur.fr\/wp-content\/uploads\/2026\/04\/pexels-anthonyshkraba-production-8278873-1024x683.jpg 1024w, https:\/\/www.medisur.fr\/wp-content\/uploads\/2026\/04\/pexels-anthonyshkraba-production-8278873-768x512.jpg 768w, https:\/\/www.medisur.fr\/wp-content\/uploads\/2026\/04\/pexels-anthonyshkraba-production-8278873-1536x1024.jpg 1536w, https:\/\/www.medisur.fr\/wp-content\/uploads\/2026\/04\/pexels-anthonyshkraba-production-8278873-2048x1365.jpg 2048w, https:\/\/www.medisur.fr\/wp-content\/uploads\/2026\/04\/pexels-anthonyshkraba-production-8278873-18x12.jpg 18w, https:\/\/www.medisur.fr\/wp-content\/uploads\/2026\/04\/pexels-anthonyshkraba-production-8278873-1320x880.jpg 1320w, https:\/\/www.medisur.fr\/wp-content\/uploads\/2026\/04\/pexels-anthonyshkraba-production-8278873-600x400.jpg 600w\" sizes=\"(max-width: 300px) 100vw, 300px\" \/><\/div><\/a>\n\t\t\t\t<div class=\"elementor-post__badge\">Mental Health<\/div>\n\t\t\t\t<div class=\"elementor-post__text\">\n\t\t\t\t<h3 class=\"elementor-post__title\">\n\t\t\t<a href=\"https:\/\/www.medisur.fr\/en\/sante-mentale-entreprise-burn-out-rps\/\" >\n\t\t\t\tMental health in the workplace: burnout, psychosocial risks and warning signs, how to act now?\t\t\t<\/a>\n\t\t<\/h3>\n\t\t\t\t<div class=\"elementor-post__excerpt\">\n\t\t\t<p>Mental Health in the Workplace: Burnout, Psychosocial Risks, and Concrete Solutions | Medisur National Priority 2025-2026 Mental health in the workplace: burnout, psychosocial risks, and warning signs<\/p>\n\t\t<\/div>\n\t\t\t\t\t<div class=\"elementor-post__read-more-wrapper\">\n\t\t\n\t\t<a class=\"elementor-post__read-more\" href=\"https:\/\/www.medisur.fr\/en\/sante-mentale-entreprise-burn-out-rps\/\" aria-label=\"Read more about Mental health in the workplace: burnout, psychosocial risks and warning signs, how to act now?\" tabindex=\"-1\" >\n\t\t\tRead more \u00bb\t\t<\/a>\n\n\t\t\t\t\t<\/div>\n\t\t\t\t<\/div>\n\t\t\t\t\t<\/div>\n\t\t<\/article>\n\t\t\t\t<article class=\"elementor-post elementor-grid-item post-25067 post type-post status-publish format-standard has-post-thumbnail hentry category-sante_securite category-videos tag-prevention tag-securite tag-securite-travail tag-sensibilisation\" role=\"listitem\">\n\t\t\t<div class=\"elementor-post__card\">\n\t\t\t\t<a class=\"elementor-post__thumbnail__link\" href=\"https:\/\/www.medisur.fr\/en\/journee-mondiale-securite-sante-travail\/\" tabindex=\"-1\" ><div class=\"elementor-post__thumbnail\"><img decoding=\"async\" width=\"300\" height=\"169\" src=\"https:\/\/www.medisur.fr\/wp-content\/uploads\/2026\/03\/pexels-bertellifotografia-799463-300x169.jpg\" class=\"attachment-medium size-medium wp-image-25073\" alt=\"Journ\u00e9e mondiale s\u00e9curit\u00e9 sant\u00e9 au travail | Medisur\" srcset=\"https:\/\/www.medisur.fr\/wp-content\/uploads\/2026\/03\/pexels-bertellifotografia-799463-300x169.jpg 300w, https:\/\/www.medisur.fr\/wp-content\/uploads\/2026\/03\/pexels-bertellifotografia-799463-1024x576.jpg 1024w, https:\/\/www.medisur.fr\/wp-content\/uploads\/2026\/03\/pexels-bertellifotografia-799463-768x432.jpg 768w, https:\/\/www.medisur.fr\/wp-content\/uploads\/2026\/03\/pexels-bertellifotografia-799463-1536x864.jpg 1536w, https:\/\/www.medisur.fr\/wp-content\/uploads\/2026\/03\/pexels-bertellifotografia-799463-2048x1152.jpg 2048w, https:\/\/www.medisur.fr\/wp-content\/uploads\/2026\/03\/pexels-bertellifotografia-799463-18x10.jpg 18w, https:\/\/www.medisur.fr\/wp-content\/uploads\/2026\/03\/pexels-bertellifotografia-799463-1320x743.jpg 1320w, https:\/\/www.medisur.fr\/wp-content\/uploads\/2026\/03\/pexels-bertellifotografia-799463-600x338.jpg 600w\" sizes=\"(max-width: 300px) 100vw, 300px\" \/><\/div><\/a>\n\t\t\t\t<div class=\"elementor-post__badge\">health and security<\/div>\n\t\t\t\t<div class=\"elementor-post__text\">\n\t\t\t\t<h3 class=\"elementor-post__title\">\n\t\t\t<a href=\"https:\/\/www.medisur.fr\/en\/journee-mondiale-securite-sante-travail\/\" >\n\t\t\t\tWorld Day for Safety and Health at Work | Medisur\t\t\t<\/a>\n\t\t<\/h3>\n\t\t\t\t<div class=\"elementor-post__excerpt\">\n\t\t\t<p>April 28: World Day for Safety and Health at Work | Medisur \ud83d\udcc5 April 28 \u00b7 Every Year World Day<\/p>\n\t\t<\/div>\n\t\t\t\t\t<div class=\"elementor-post__read-more-wrapper\">\n\t\t\n\t\t<a class=\"elementor-post__read-more\" href=\"https:\/\/www.medisur.fr\/en\/journee-mondiale-securite-sante-travail\/\" aria-label=\"Read more about World Day for Safety and Health at Work | Medisur\" tabindex=\"-1\" >\n\t\t\tRead more \u00bb\t\t<\/a>\n\n\t\t\t\t\t<\/div>\n\t\t\t\t<\/div>\n\t\t\t\t\t<\/div>\n\t\t<\/article>\n\t\t\t\t<article class=\"elementor-post elementor-grid-item post-25001 post type-post status-publish format-standard has-post-thumbnail hentry category-actualites category-sante_travail category-sante-bien-etre category-sante_intime tag-droit-des-femmes tag-qvct tag-sante\" role=\"listitem\">\n\t\t\t<div class=\"elementor-post__card\">\n\t\t\t\t<a class=\"elementor-post__thumbnail__link\" href=\"https:\/\/www.medisur.fr\/en\/journee-internationale-droits-des-femmes-entreprise-8-mars\/\" tabindex=\"-1\" ><div class=\"elementor-post__thumbnail\"><img loading=\"lazy\" decoding=\"async\" width=\"300\" height=\"200\" src=\"https:\/\/www.medisur.fr\/wp-content\/uploads\/2026\/03\/pexels-ketchumcommunity-1464232-300x200.jpg\" class=\"attachment-medium size-medium wp-image-25002\" alt=\"Journ\u00e9e des Droits des Femmes en Entreprise : 5 Actions pour le 8 Mars 2026 | Medisur\" srcset=\"https:\/\/www.medisur.fr\/wp-content\/uploads\/2026\/03\/pexels-ketchumcommunity-1464232-300x200.jpg 300w, https:\/\/www.medisur.fr\/wp-content\/uploads\/2026\/03\/pexels-ketchumcommunity-1464232-1024x683.jpg 1024w, https:\/\/www.medisur.fr\/wp-content\/uploads\/2026\/03\/pexels-ketchumcommunity-1464232-768x512.jpg 768w, https:\/\/www.medisur.fr\/wp-content\/uploads\/2026\/03\/pexels-ketchumcommunity-1464232-1536x1024.jpg 1536w, https:\/\/www.medisur.fr\/wp-content\/uploads\/2026\/03\/pexels-ketchumcommunity-1464232-2048x1365.jpg 2048w, https:\/\/www.medisur.fr\/wp-content\/uploads\/2026\/03\/pexels-ketchumcommunity-1464232-18x12.jpg 18w, https:\/\/www.medisur.fr\/wp-content\/uploads\/2026\/03\/pexels-ketchumcommunity-1464232-1320x880.jpg 1320w, https:\/\/www.medisur.fr\/wp-content\/uploads\/2026\/03\/pexels-ketchumcommunity-1464232-600x400.jpg 600w\" sizes=\"(max-width: 300px) 100vw, 300px\" \/><\/div><\/a>\n\t\t\t\t<div class=\"elementor-post__badge\">News<\/div>\n\t\t\t\t<div class=\"elementor-post__text\">\n\t\t\t\t<h3 class=\"elementor-post__title\">\n\t\t\t<a href=\"https:\/\/www.medisur.fr\/en\/journee-internationale-droits-des-femmes-entreprise-8-mars\/\" >\n\t\t\t\tInternational Women&#039;s Day in the Workplace: 5 Actions for March 8, 2026 | Medisur\t\t\t<\/a>\n\t\t<\/h3>\n\t\t\t\t<div class=\"elementor-post__excerpt\">\n\t\t\t<p>International Women&#039;s Day in the Workplace: 5 Concrete Actions for March 8, 2026 | Medisur March 8, 2026 \u00b7 International Day<\/p>\n\t\t<\/div>\n\t\t\t\t\t<div class=\"elementor-post__read-more-wrapper\">\n\t\t\n\t\t<a class=\"elementor-post__read-more\" href=\"https:\/\/www.medisur.fr\/en\/journee-internationale-droits-des-femmes-entreprise-8-mars\/\" aria-label=\"Read more about International Women&#039;s Day in the Workplace: 5 Actions for March 8, 2026 | Medisur\" tabindex=\"-1\" >\n\t\t\tRead more \u00bb\t\t<\/a>\n\n\t\t\t\t\t<\/div>\n\t\t\t\t<\/div>\n\t\t\t\t\t<\/div>\n\t\t<\/article>\n\t\t\t\t<article class=\"elementor-post elementor-grid-item post-24937 post type-post status-publish format-standard has-post-thumbnail hentry category-sante_intime tag-qvt tag-sante tag-sensibilisation\" role=\"listitem\">\n\t\t\t<div class=\"elementor-post__card\">\n\t\t\t\t<a class=\"elementor-post__thumbnail__link\" href=\"https:\/\/www.medisur.fr\/en\/mars-bleu-entreprise-prevention-cancer-colorectal\/\" tabindex=\"-1\" ><div class=\"elementor-post__thumbnail\"><img loading=\"lazy\" decoding=\"async\" width=\"300\" height=\"169\" src=\"https:\/\/www.medisur.fr\/wp-content\/uploads\/2026\/02\/pexels-artempodrez-6823565-300x169.jpg\" class=\"attachment-medium size-medium wp-image-24943\" alt=\"\" srcset=\"https:\/\/www.medisur.fr\/wp-content\/uploads\/2026\/02\/pexels-artempodrez-6823565-300x169.jpg 300w, https:\/\/www.medisur.fr\/wp-content\/uploads\/2026\/02\/pexels-artempodrez-6823565-1024x576.jpg 1024w, https:\/\/www.medisur.fr\/wp-content\/uploads\/2026\/02\/pexels-artempodrez-6823565-768x432.jpg 768w, https:\/\/www.medisur.fr\/wp-content\/uploads\/2026\/02\/pexels-artempodrez-6823565-1536x864.jpg 1536w, https:\/\/www.medisur.fr\/wp-content\/uploads\/2026\/02\/pexels-artempodrez-6823565-2048x1152.jpg 2048w, https:\/\/www.medisur.fr\/wp-content\/uploads\/2026\/02\/pexels-artempodrez-6823565-18x10.jpg 18w, https:\/\/www.medisur.fr\/wp-content\/uploads\/2026\/02\/pexels-artempodrez-6823565-1320x743.jpg 1320w, https:\/\/www.medisur.fr\/wp-content\/uploads\/2026\/02\/pexels-artempodrez-6823565-600x338.jpg 600w\" sizes=\"(max-width: 300px) 100vw, 300px\" \/><\/div><\/a>\n\t\t\t\t<div class=\"elementor-post__badge\">intimate health<\/div>\n\t\t\t\t<div class=\"elementor-post__text\">\n\t\t\t\t<h3 class=\"elementor-post__title\">\n\t\t\t<a href=\"https:\/\/www.medisur.fr\/en\/mars-bleu-entreprise-prevention-cancer-colorectal\/\" >\n\t\t\t\tOrganizing Blue March in the Workplace: The Complete Guide to Taking Action Against Colorectal Cancer\t\t\t<\/a>\n\t\t<\/h3>\n\t\t\t\t<div class=\"elementor-post__excerpt\">\n\t\t\t<p>Blue March \u00b7 Prevention in the Workplace Organizing Blue March in the Workplace: The Complete Guide to Taking Action Against Colorectal Cancer By the Medisur Team<\/p>\n\t\t<\/div>\n\t\t\t\t\t<div class=\"elementor-post__read-more-wrapper\">\n\t\t\n\t\t<a class=\"elementor-post__read-more\" href=\"https:\/\/www.medisur.fr\/en\/mars-bleu-entreprise-prevention-cancer-colorectal\/\" aria-label=\"Read more about Organizing Blue March in your company: the Complete Guide to Taking Action Against Colorectal Cancer\" tabindex=\"-1\" >\n\t\t\tRead more \u00bb\t\t<\/a>\n\n\t\t\t\t\t<\/div>\n\t\t\t\t<\/div>\n\t\t\t\t\t<\/div>\n\t\t<\/article>\n\t\t\t\t<article class=\"elementor-post elementor-grid-item post-24767 post type-post status-publish format-standard has-post-thumbnail hentry category-sante_mentale tag-bien-etre tag-prevention tag-sante-mentale\" role=\"listitem\">\n\t\t\t<div class=\"elementor-post__card\">\n\t\t\t\t<a class=\"elementor-post__thumbnail__link\" href=\"https:\/\/www.medisur.fr\/en\/digital-detox-en-entreprise-boostez-sante-mentale-qvt-et-engagement-avec-off-february-2026-challenge-sans-telephone-droit-a-la-deconnexion-rse\/\" tabindex=\"-1\" ><div class=\"elementor-post__thumbnail\"><img loading=\"lazy\" decoding=\"async\" width=\"300\" height=\"169\" src=\"https:\/\/www.medisur.fr\/wp-content\/uploads\/2026\/02\/Detox-digital-300x169.png\" class=\"attachment-medium size-medium wp-image-24768\" alt=\"\" srcset=\"https:\/\/www.medisur.fr\/wp-content\/uploads\/2026\/02\/Detox-digital-300x169.png 300w, https:\/\/www.medisur.fr\/wp-content\/uploads\/2026\/02\/Detox-digital-768x432.png 768w, https:\/\/www.medisur.fr\/wp-content\/uploads\/2026\/02\/Detox-digital-18x10.png 18w, https:\/\/www.medisur.fr\/wp-content\/uploads\/2026\/02\/Detox-digital-600x338.png 600w, https:\/\/www.medisur.fr\/wp-content\/uploads\/2026\/02\/Detox-digital.png 1000w\" sizes=\"(max-width: 300px) 100vw, 300px\" \/><\/div><\/a>\n\t\t\t\t<div class=\"elementor-post__badge\">Mental Health<\/div>\n\t\t\t\t<div class=\"elementor-post__text\">\n\t\t\t\t<h3 class=\"elementor-post__title\">\n\t\t\t<a href=\"https:\/\/www.medisur.fr\/en\/digital-detox-en-entreprise-boostez-sante-mentale-qvt-et-engagement-avec-off-february-2026-challenge-sans-telephone-droit-a-la-deconnexion-rse\/\" >\n\t\t\t\tOff February 2026: Towards a digital detox in the workplace for mental health and performance\t\t\t<\/a>\n\t\t<\/h3>\n\t\t\t\t<div class=\"elementor-post__excerpt\">\n\t\t\t<p>Digital Detox in the Workplace: Boost Mental Health, Quality of Work Life, and Engagement | Medisur Mental Health &amp; Quality of Work Life Digital Detox in the Workplace: the<\/p>\n\t\t<\/div>\n\t\t\t\t\t<div class=\"elementor-post__read-more-wrapper\">\n\t\t\n\t\t<a class=\"elementor-post__read-more\" href=\"https:\/\/www.medisur.fr\/en\/digital-detox-en-entreprise-boostez-sante-mentale-qvt-et-engagement-avec-off-february-2026-challenge-sans-telephone-droit-a-la-deconnexion-rse\/\" aria-label=\"Read more about Off February 2026: towards a digital detox in the workplace for mental health and performance\" tabindex=\"-1\" >\n\t\t\tRead more \u00bb\t\t<\/a>\n\n\t\t\t\t\t<\/div>\n\t\t\t\t<\/div>\n\t\t\t\t\t<\/div>\n\t\t<\/article>\n\t\t\t\t<\/div>\n\t\t\t\t\t<span class=\"e-load-more-spinner\">\n\t\t\t\t<i aria-hidden=\"true\" class=\"fas fa-spinner\"><\/i>\t\t\t<\/span>\n\t\t\n\t\t\t\t<div class=\"e-load-more-anchor\" data-page=\"1\" data-max-page=\"8\" data-next-page=\"https:\/\/www.medisur.fr\/en\/wp-json\/wp\/v2\/pages\/123\/page\/2\/\"><\/div>\n\t\t\t\t<div class=\"e-load-more-message\"><\/div>\n\t\t\t\t\t\t<\/div>\n\t\t\t\t<\/div>\n\t\t\t\t\t<\/div>\n\t\t<\/div>\n\t\t\t\t\t<\/div>\n\t\t<\/section>\n\t\t\t\t<\/div>","protected":false},"excerpt":{"rendered":"","protected":false},"author":2,"featured_media":3870,"parent":0,"menu_order":0,"comment_status":"closed","ping_status":"closed","template":"full-width.php","meta":{"_acf_changed":false,"footnotes":""},"class_list":["post-123","page","type-page","status-publish","has-post-thumbnail","hentry"],"acf":[],"_links":{"self":[{"href":"https:\/\/www.medisur.fr\/en\/wp-json\/wp\/v2\/pages\/123","targetHints":{"allow":["GET"]}}],"collection":[{"href":"https:\/\/www.medisur.fr\/en\/wp-json\/wp\/v2\/pages"}],"about":[{"href":"https:\/\/www.medisur.fr\/en\/wp-json\/wp\/v2\/types\/page"}],"author":[{"embeddable":true,"href":"https:\/\/www.medisur.fr\/en\/wp-json\/wp\/v2\/users\/2"}],"replies":[{"embeddable":true,"href":"https:\/\/www.medisur.fr\/en\/wp-json\/wp\/v2\/comments?post=123"}],"version-history":[{"count":0,"href":"https:\/\/www.medisur.fr\/en\/wp-json\/wp\/v2\/pages\/123\/revisions"}],"wp:featuredmedia":[{"embeddable":true,"href":"https:\/\/www.medisur.fr\/en\/wp-json\/wp\/v2\/media\/3870"}],"wp:attachment":[{"href":"https:\/\/www.medisur.fr\/en\/wp-json\/wp\/v2\/media?parent=123"}],"curies":[{"name":"wp","href":"https:\/\/api.w.org\/{rel}","templated":true}]}}